{"id":170,"date":"2024-08-07T14:57:00","date_gmt":"2024-08-07T12:57:00","guid":{"rendered":"https:\/\/bienetregerontologie.fr\/?page_id=170"},"modified":"2026-04-28T15:33:26","modified_gmt":"2026-04-28T13:33:26","slug":"les-sessions-de-formation","status":"publish","type":"page","link":"https:\/\/bienetregerontologie.fr\/index.php\/les-sessions-de-formation\/","title":{"rendered":"Les sessions de formation"},"content":{"rendered":"\t\t<div data-elementor-type=\"wp-page\" data-elementor-id=\"170\" class=\"elementor elementor-170\">\n\t\t\t\t<div class=\"elementor-element elementor-element-df9c8e0 e-flex e-con-boxed e-con e-parent\" data-id=\"df9c8e0\" data-element_type=\"container\">\n\t\t\t\t\t<div class=\"e-con-inner\">\n\t\t\t\t<div class=\"elementor-element elementor-element-cfde95c elementor-invisible elementor-widget elementor-widget-heading\" data-id=\"cfde95c\" data-element_type=\"widget\" data-settings=\"{&quot;_animation&quot;:&quot;fadeInDown&quot;}\" data-widget_type=\"heading.default\">\n\t\t\t\t<div class=\"elementor-widget-container\">\n\t\t\t<style>\/*! elementor - v3.23.0 - 25-07-2024 *\/\n.elementor-heading-title{padding:0;margin:0;line-height:1}.elementor-widget-heading .elementor-heading-title[class*=elementor-size-]>a{color:inherit;font-size:inherit;line-height:inherit}.elementor-widget-heading .elementor-heading-title.elementor-size-small{font-size:15px}.elementor-widget-heading .elementor-heading-title.elementor-size-medium{font-size:19px}.elementor-widget-heading .elementor-heading-title.elementor-size-large{font-size:29px}.elementor-widget-heading .elementor-heading-title.elementor-size-xl{font-size:39px}.elementor-widget-heading .elementor-heading-title.elementor-size-xxl{font-size:59px}<\/style><h2 class=\"elementor-heading-title elementor-size-default\">Les sessions de formation<\/h2>\t\t<\/div>\n\t\t\t\t<\/div>\n\t\t\t\t\t<\/div>\n\t\t\t\t<\/div>\n\t\t<div class=\"elementor-element elementor-element-ec835a7 e-flex e-con-boxed e-con e-parent\" data-id=\"ec835a7\" data-element_type=\"container\">\n\t\t\t\t\t<div class=\"e-con-inner\">\n\t\t\t\t<div class=\"elementor-element elementor-element-c78cbc3 elementor-invisible elementor-widget elementor-widget-accordion\" data-id=\"c78cbc3\" data-element_type=\"widget\" data-settings=\"{&quot;_animation&quot;:&quot;fadeInUp&quot;}\" data-widget_type=\"accordion.default\">\n\t\t\t\t<div class=\"elementor-widget-container\">\n\t\t\t<style>\/*! elementor - v3.23.0 - 25-07-2024 *\/\n.elementor-accordion{text-align:start}.elementor-accordion .elementor-accordion-item{border:1px solid #d5d8dc}.elementor-accordion .elementor-accordion-item+.elementor-accordion-item{border-top:none}.elementor-accordion .elementor-tab-title{margin:0;padding:15px 20px;font-weight:700;line-height:1;cursor:pointer;outline:none}.elementor-accordion .elementor-tab-title .elementor-accordion-icon{display:inline-block;width:1.5em}.elementor-accordion .elementor-tab-title .elementor-accordion-icon svg{width:1em;height:1em}.elementor-accordion .elementor-tab-title .elementor-accordion-icon.elementor-accordion-icon-right{float:right;text-align:right}.elementor-accordion .elementor-tab-title .elementor-accordion-icon.elementor-accordion-icon-left{float:left;text-align:left}.elementor-accordion .elementor-tab-title .elementor-accordion-icon .elementor-accordion-icon-closed{display:block}.elementor-accordion .elementor-tab-title .elementor-accordion-icon .elementor-accordion-icon-opened,.elementor-accordion .elementor-tab-title.elementor-active .elementor-accordion-icon-closed{display:none}.elementor-accordion .elementor-tab-title.elementor-active .elementor-accordion-icon-opened{display:block}.elementor-accordion .elementor-tab-content{display:none;padding:15px 20px;border-top:1px solid #d5d8dc}@media (max-width:767px){.elementor-accordion .elementor-tab-title{padding:12px 15px}.elementor-accordion .elementor-tab-title .elementor-accordion-icon{width:1.2em}.elementor-accordion .elementor-tab-content{padding:7px 15px}}.e-con-inner>.elementor-widget-accordion,.e-con>.elementor-widget-accordion{width:var(--container-widget-width);--flex-grow:var(--container-widget-flex-grow)}<\/style>\t\t<div class=\"elementor-accordion\">\n\t\t\t\t\t\t\t<div class=\"elementor-accordion-item\">\n\t\t\t\t\t<div id=\"elementor-tab-title-2091\" class=\"elementor-tab-title\" data-tab=\"1\" role=\"button\" aria-controls=\"elementor-tab-content-2091\" aria-expanded=\"false\">\n\t\t\t\t\t\t\t\t\t\t\t\t\t<span class=\"elementor-accordion-icon elementor-accordion-icon-left\" aria-hidden=\"true\">\n\t\t\t\t\t\t\t\t\t\t\t\t\t\t\t<span class=\"elementor-accordion-icon-closed\"><svg class=\"e-font-icon-svg e-fas-plus\" viewBox=\"0 0 448 512\" xmlns=\"http:\/\/www.w3.org\/2000\/svg\"><path d=\"M416 208H272V64c0-17.67-14.33-32-32-32h-32c-17.67 0-32 14.33-32 32v144H32c-17.67 0-32 14.33-32 32v32c0 17.67 14.33 32 32 32h144v144c0 17.67 14.33 32 32 32h32c17.67 0 32-14.33 32-32V304h144c17.67 0 32-14.33 32-32v-32c0-17.67-14.33-32-32-32z\"><\/path><\/svg><\/span>\n\t\t\t\t\t\t\t\t<span class=\"elementor-accordion-icon-opened\"><svg class=\"e-font-icon-svg e-fas-minus\" viewBox=\"0 0 448 512\" xmlns=\"http:\/\/www.w3.org\/2000\/svg\"><path d=\"M416 208H32c-17.67 0-32 14.33-32 32v32c0 17.67 14.33 32 32 32h384c17.67 0 32-14.33 32-32v-32c0-17.67-14.33-32-32-32z\"><\/path><\/svg><\/span>\n\t\t\t\t\t\t\t\t\t\t\t\t\t\t<\/span>\n\t\t\t\t\t\t\t\t\t\t\t\t<a class=\"elementor-accordion-title\" tabindex=\"0\">La d\u00e9marche d'inscription<\/a>\n\t\t\t\t\t<\/div>\n\t\t\t\t\t<div id=\"elementor-tab-content-2091\" class=\"elementor-tab-content elementor-clearfix\" data-tab=\"1\" role=\"region\" aria-labelledby=\"elementor-tab-title-2091\"><p>Apr\u00e8s analyse de vos besoins de formation, nous vous adresserons tr\u00e8s r\u00e9activement (2 semaines maximum) une proposition de formation sur mesure compos\u00e9e\u00a0des renseignements concernant :<\/p><ul><li>Le dispositif de formation\u00a0: contexte institutionnel &#8211; structuration de l&rsquo;intervention \u2013 participants concern\u00e9s, voire pr\u00e9-requis<\/li><li>Les modalit\u00e9s de d\u00e9roulement programme\u00a0: objectifs \u2013 m\u00e9thodes p\u00e9dagogiques \u2013 proposition de dates d\u2019intervention \u2013 dur\u00e9e &#8211; lieu et horaire<\/li><li>Le suivi et mode d\u2019\u00e9valuation<\/li><li>Les attestations concern\u00e9es<\/li><li>Les comp\u00e9tences du formateur pressenti<\/li><li>Le budget<\/li><\/ul><p>Apr\u00e8s validation de la proposition, le d\u00e9lai d\u2019acc\u00e8s de l\u2019action de formation est d\u2019environ un mois. Une convention de formation sign\u00e9e et tamponn\u00e9e des deux parties finalisera les modalit\u00e9s d\u2019organisation et d\u2019engagement.<\/p><\/div>\n\t\t\t\t<\/div>\n\t\t\t\t\t\t\t<div class=\"elementor-accordion-item\">\n\t\t\t\t\t<div id=\"elementor-tab-title-2092\" class=\"elementor-tab-title\" data-tab=\"2\" role=\"button\" aria-controls=\"elementor-tab-content-2092\" aria-expanded=\"false\">\n\t\t\t\t\t\t\t\t\t\t\t\t\t<span class=\"elementor-accordion-icon elementor-accordion-icon-left\" aria-hidden=\"true\">\n\t\t\t\t\t\t\t\t\t\t\t\t\t\t\t<span class=\"elementor-accordion-icon-closed\"><svg class=\"e-font-icon-svg e-fas-plus\" viewBox=\"0 0 448 512\" xmlns=\"http:\/\/www.w3.org\/2000\/svg\"><path d=\"M416 208H272V64c0-17.67-14.33-32-32-32h-32c-17.67 0-32 14.33-32 32v144H32c-17.67 0-32 14.33-32 32v32c0 17.67 14.33 32 32 32h144v144c0 17.67 14.33 32 32 32h32c17.67 0 32-14.33 32-32V304h144c17.67 0 32-14.33 32-32v-32c0-17.67-14.33-32-32-32z\"><\/path><\/svg><\/span>\n\t\t\t\t\t\t\t\t<span class=\"elementor-accordion-icon-opened\"><svg class=\"e-font-icon-svg e-fas-minus\" viewBox=\"0 0 448 512\" xmlns=\"http:\/\/www.w3.org\/2000\/svg\"><path d=\"M416 208H32c-17.67 0-32 14.33-32 32v32c0 17.67 14.33 32 32 32h384c17.67 0 32-14.33 32-32v-32c0-17.67-14.33-32-32-32z\"><\/path><\/svg><\/span>\n\t\t\t\t\t\t\t\t\t\t\t\t\t\t<\/span>\n\t\t\t\t\t\t\t\t\t\t\t\t<a class=\"elementor-accordion-title\" tabindex=\"0\">La composition des groupes d'apprenants<\/a>\n\t\t\t\t\t<\/div>\n\t\t\t\t\t<div id=\"elementor-tab-content-2092\" class=\"elementor-tab-content elementor-clearfix\" data-tab=\"2\" role=\"region\" aria-labelledby=\"elementor-tab-title-2092\"><p>Nos formations s\u2019adressent aux apprenants <strong>sans pr\u00e9requis<\/strong> (sauf AFGSU 2 &#8211; Recertification &#8211; PRAP MAC et SST MAC\u00a0: voir fiches programmes).<\/p><p><strong>Nombre de participants<\/strong> par session de formation\u00a0: 1 \u00e0 12 (sauf AFGSU, PRAP, PSSM et culinaires\u00a0: voir fiches programmes).<\/p><p>La session de formation est ouverte aux <strong>personnes en situation de handicap<\/strong> sous r\u00e9serve de mise \u00e0 disposition de locaux adapt\u00e9s \u00e0 la sp\u00e9cificit\u00e9 du handicap par l\u2019\u00e9tablissement d\u2019accueil des participants. Un conseil d\u2019orientation ou d\u2019accompagnement personnalis\u00e9 peut \u00eatre apport\u00e9 par notre organisme de formation.<\/p><p>R\u00e9f\u00e9rent handicap\u00a0: Madame HUGONNET Catherine<\/p><\/div>\n\t\t\t\t<\/div>\n\t\t\t\t\t\t\t<div class=\"elementor-accordion-item\">\n\t\t\t\t\t<div id=\"elementor-tab-title-2093\" class=\"elementor-tab-title\" data-tab=\"3\" role=\"button\" aria-controls=\"elementor-tab-content-2093\" aria-expanded=\"false\">\n\t\t\t\t\t\t\t\t\t\t\t\t\t<span class=\"elementor-accordion-icon elementor-accordion-icon-left\" aria-hidden=\"true\">\n\t\t\t\t\t\t\t\t\t\t\t\t\t\t\t<span class=\"elementor-accordion-icon-closed\"><svg class=\"e-font-icon-svg e-fas-plus\" viewBox=\"0 0 448 512\" xmlns=\"http:\/\/www.w3.org\/2000\/svg\"><path d=\"M416 208H272V64c0-17.67-14.33-32-32-32h-32c-17.67 0-32 14.33-32 32v144H32c-17.67 0-32 14.33-32 32v32c0 17.67 14.33 32 32 32h144v144c0 17.67 14.33 32 32 32h32c17.67 0 32-14.33 32-32V304h144c17.67 0 32-14.33 32-32v-32c0-17.67-14.33-32-32-32z\"><\/path><\/svg><\/span>\n\t\t\t\t\t\t\t\t<span class=\"elementor-accordion-icon-opened\"><svg class=\"e-font-icon-svg e-fas-minus\" viewBox=\"0 0 448 512\" xmlns=\"http:\/\/www.w3.org\/2000\/svg\"><path d=\"M416 208H32c-17.67 0-32 14.33-32 32v32c0 17.67 14.33 32 32 32h384c17.67 0 32-14.33 32-32v-32c0-17.67-14.33-32-32-32z\"><\/path><\/svg><\/span>\n\t\t\t\t\t\t\t\t\t\t\t\t\t\t<\/span>\n\t\t\t\t\t\t\t\t\t\t\t\t<a class=\"elementor-accordion-title\" tabindex=\"0\">Les modalit\u00e9s de d\u00e9roulement des sessions de formation<\/a>\n\t\t\t\t\t<\/div>\n\t\t\t\t\t<div id=\"elementor-tab-content-2093\" class=\"elementor-tab-content elementor-clearfix\" data-tab=\"3\" role=\"region\" aria-labelledby=\"elementor-tab-title-2093\"><p>L\u2019\u00e9tablissement d\u2019accueil des sessions de formation met \u00e0 disposition des locaux adapt\u00e9s : suffisamment spacieux pour accueillir le groupe de participants pr\u00e9vu, suffisamment bien chauff\u00e9\/ventil\u00e9\/\u00e9clair\u00e9, sans passage de personnes ext\u00e9rieures \u00e0 la formation. Il met \u00e0 disposition \u00e9galement des sources de rafraichissement pour les participants (point d\u2019eau \u00e0 proximit\u00e9 ou bouteilles d\u2019eau).<\/p><p>Le formateur peut demander \u00e0 changer de salle de formation au responsable formation de l\u2019\u00e9tablissement si celle-ci ne r\u00e9pond pas \u00e0 ces crit\u00e8res de base.<\/p><p><span style=\"font-size: 16px; color: var( --e-global-color-text );\">L\u2019\u00e9tablissement d\u2019accueil met \u00e0 disposition du formateur un paper board avec feutres adapt\u00e9s, un vid\u00e9o projecteur, une connexion internet et le mat\u00e9riel n\u00e9cessaire \u00e0 d\u2019\u00e9ventuelles mises en situation convenu dans les modalit\u00e9s p\u00e9dagogiques.<\/span><\/p><p>BIEN ETRE G\u00e9rontologie et formation dispose de son r\u00e8glement int\u00e9rieur auquel sont soumis les participants. Dans les locaux d\u2019un \u00e9tablissement d\u2019accueil s\u2019applique le r\u00e8glement int\u00e9rieur de celui-ci que les participants sont tenus de respecter. En cas de comportement perturbant le bon d\u00e9roulement de la formation et\/ou manquant au r\u00e8glement int\u00e9rieur et malgr\u00e9 les invitations faites par le formateur pour le modifier, celui-ci, apr\u00e8s en avoir inform\u00e9 le responsable de l\u2019organisme de formation, pourra \u00eatre amen\u00e9 \u00e0 exclure le participant de la session de formation et ce sans aucune redevabilit\u00e9 d\u2019indemnisation de la part de l\u2019organisme de formation.<\/p><p>Au minimum 1 mois avant le d\u00e9but de l\u2019action de formation planifi\u00e9e, Madame HUGONNET Catherine vous adresse un mail d\u2019organisation qui r\u00e9capitule les points essentiels de pr\u00e9paration\u00a0concernant :<\/p><ul><li>Le retour sign\u00e9 de la convention si cela n\u2019a pas pu \u00eatre fait avant<\/li><li>Le nom du r\u00e9f\u00e9rent d\u2019accueil de l\u2019\u00e9tablissement pr\u00e9sent le 1<sup>er<\/sup> jour d\u2019intervention<\/li><li>La liste des participants avec leurs fonctions (pour \u00e9tablir les attestations)<\/li><li>L\u2019envoi de la fiche de recueil des attentes pour chaque participant qui sert \u00e9galement de convocation<\/li><li>S\u2019il y a une n\u00e9cessit\u00e9 d\u2019adapter un accompagnement personnalis\u00e9 du dispositif p\u00e9dagogique pour l\u2019accueil de participant en situation de handicap afin de le pr\u00e9parer en amont<\/li><li>S\u2019il y a des particularit\u00e9s institutionnelles et\/ou de participants que le formateur doit prendre en compte pour am\u00e9nager son dispositif p\u00e9dagogique (Exemple\u00a0: probl\u00e9matique institutionnelle, manque d\u2019adh\u00e9sion de participant(s), difficult\u00e9 individuelle de participant(s)\u2026)<\/li><li>L\u2019organisation des repas du formateur et des participants<\/li><li>La mise \u00e0 disposition d\u2019un paper board avec feutres adapt\u00e9s, vid\u00e9o projecteur et connexion internet dans la salle de formation<\/li><li>Le respect des dispositifs qui concernent le contexte sanitaire (en fonction de l\u2019actualit\u00e9)<\/li><li>Les am\u00e9nagements de dispositifs p\u00e9dagogiques si pr\u00e9vus en concertation<\/li><li>La pr\u00e9sence au bilan de fin de formation du r\u00e9f\u00e9rent d\u2019\u00e9tablissement<\/li><\/ul><\/div>\n\t\t\t\t<\/div>\n\t\t\t\t\t\t\t<div class=\"elementor-accordion-item\">\n\t\t\t\t\t<div id=\"elementor-tab-title-2094\" class=\"elementor-tab-title\" data-tab=\"4\" role=\"button\" aria-controls=\"elementor-tab-content-2094\" aria-expanded=\"false\">\n\t\t\t\t\t\t\t\t\t\t\t\t\t<span class=\"elementor-accordion-icon elementor-accordion-icon-left\" aria-hidden=\"true\">\n\t\t\t\t\t\t\t\t\t\t\t\t\t\t\t<span class=\"elementor-accordion-icon-closed\"><svg class=\"e-font-icon-svg e-fas-plus\" viewBox=\"0 0 448 512\" xmlns=\"http:\/\/www.w3.org\/2000\/svg\"><path d=\"M416 208H272V64c0-17.67-14.33-32-32-32h-32c-17.67 0-32 14.33-32 32v144H32c-17.67 0-32 14.33-32 32v32c0 17.67 14.33 32 32 32h144v144c0 17.67 14.33 32 32 32h32c17.67 0 32-14.33 32-32V304h144c17.67 0 32-14.33 32-32v-32c0-17.67-14.33-32-32-32z\"><\/path><\/svg><\/span>\n\t\t\t\t\t\t\t\t<span class=\"elementor-accordion-icon-opened\"><svg class=\"e-font-icon-svg e-fas-minus\" viewBox=\"0 0 448 512\" xmlns=\"http:\/\/www.w3.org\/2000\/svg\"><path d=\"M416 208H32c-17.67 0-32 14.33-32 32v32c0 17.67 14.33 32 32 32h384c17.67 0 32-14.33 32-32v-32c0-17.67-14.33-32-32-32z\"><\/path><\/svg><\/span>\n\t\t\t\t\t\t\t\t\t\t\t\t\t\t<\/span>\n\t\t\t\t\t\t\t\t\t\t\t\t<a class=\"elementor-accordion-title\" tabindex=\"0\">Les mesures de pr\u00e9caution sanitaires<\/a>\n\t\t\t\t\t<\/div>\n\t\t\t\t\t<div id=\"elementor-tab-content-2094\" class=\"elementor-tab-content elementor-clearfix\" data-tab=\"4\" role=\"region\" aria-labelledby=\"elementor-tab-title-2094\"><p>L&rsquo;\u00e9tablissement d&rsquo;accueil de la session de formation veille \u00e0\u00a0informer l\u2019organisme de formation en cas de port du masque obligatoire ou de tout autre dispositif sp\u00e9cifique devant \u00eatre respect\u00e9 en dehors de la r\u00e9glementation nationale sanitaire en vigueur.<\/p><p><span style=\"font-size: 16px; color: var( --e-global-color-text );\">Il veille \u00e0 :<\/span><\/p><ul><li>Fournir \u00e0 chaque participant\u00a0ainsi qu&rsquo;au formateur d\u00e8s leur arriv\u00e9e du produit hydroalcoolique<\/li><li>Indiquer \u00e0 chaque participant avant le d\u00e9but de la formation :<\/li><li>Qu\u2019il doit porter un masque de protection durant la formation (en cas de port de masque obligatoire)<ul><li>D&rsquo;apporter un stylo<\/li><li>Qu&rsquo;il ne doit pas se rendre \u00e0 la formation s&rsquo;il pr\u00e9sente des sympt\u00f4mes (toux, essoufflements, fi\u00e8vre, etc.).<\/li><\/ul><\/li><\/ul><p>En cas de pand\u00e9mie, nos sessions de formation pr\u00e9vues en pr\u00e9sentielle peuvent pour certaines \u00eatre adapt\u00e9es en classes virtuelles.<\/p><p>En pr\u00e9sentiel, les protocoles sanitaires en vigueur seront respect\u00e9s (le port du masque chirurgical, l\u2019a\u00e9ration de la salle de formation, le respect des gestes barri\u00e8res,\u2026)<\/p><\/div>\n\t\t\t\t<\/div>\n\t\t\t\t\t\t\t<div class=\"elementor-accordion-item\">\n\t\t\t\t\t<div id=\"elementor-tab-title-2095\" class=\"elementor-tab-title\" data-tab=\"5\" role=\"button\" aria-controls=\"elementor-tab-content-2095\" aria-expanded=\"false\">\n\t\t\t\t\t\t\t\t\t\t\t\t\t<span class=\"elementor-accordion-icon elementor-accordion-icon-left\" aria-hidden=\"true\">\n\t\t\t\t\t\t\t\t\t\t\t\t\t\t\t<span class=\"elementor-accordion-icon-closed\"><svg class=\"e-font-icon-svg e-fas-plus\" viewBox=\"0 0 448 512\" xmlns=\"http:\/\/www.w3.org\/2000\/svg\"><path d=\"M416 208H272V64c0-17.67-14.33-32-32-32h-32c-17.67 0-32 14.33-32 32v144H32c-17.67 0-32 14.33-32 32v32c0 17.67 14.33 32 32 32h144v144c0 17.67 14.33 32 32 32h32c17.67 0 32-14.33 32-32V304h144c17.67 0 32-14.33 32-32v-32c0-17.67-14.33-32-32-32z\"><\/path><\/svg><\/span>\n\t\t\t\t\t\t\t\t<span class=\"elementor-accordion-icon-opened\"><svg class=\"e-font-icon-svg e-fas-minus\" viewBox=\"0 0 448 512\" xmlns=\"http:\/\/www.w3.org\/2000\/svg\"><path d=\"M416 208H32c-17.67 0-32 14.33-32 32v32c0 17.67 14.33 32 32 32h384c17.67 0 32-14.33 32-32v-32c0-17.67-14.33-32-32-32z\"><\/path><\/svg><\/span>\n\t\t\t\t\t\t\t\t\t\t\t\t\t\t<\/span>\n\t\t\t\t\t\t\t\t\t\t\t\t<a class=\"elementor-accordion-title\" tabindex=\"0\">Nos m\u00e9thodes p\u00e9dagogiques<\/a>\n\t\t\t\t\t<\/div>\n\t\t\t\t\t<div id=\"elementor-tab-content-2095\" class=\"elementor-tab-content elementor-clearfix\" data-tab=\"5\" role=\"region\" aria-labelledby=\"elementor-tab-title-2095\"><ul><li>Nos programmes associent l<strong>\u2019analyse des pratiques professionnelles<\/strong> et <strong>l\u2019acquisition, le perfectionnement de comp\u00e9tences.<\/strong><strong style=\"font-size: 16px; color: var( --e-global-color-text );\">\u00a0<\/strong><\/li><\/ul><ul><li>Il s\u2019agit de <strong>formations interactives bas\u00e9es sur l\u2019\u00e9change entre les participants et les formateurs<\/strong> afin de faire le lien entre la base th\u00e9orique et les situations du terrain professionnel.<\/li><\/ul><ul><li>Les dispositifs d\u2019\u00e9changes p\u00e9dagogiques sont vari\u00e9s\u00a0: <strong>mi<\/strong><strong>ses en situation, \u00e9tudes de cas, exercices de simulation et de mises en pratique, supports vid\u00e9o, quizz, jeux des \u00e9tiquettes, photolangage\u2026<\/strong><\/li><\/ul><ul><li>Les <strong>documents th\u00e9oriques de r\u00e9f\u00e9rence et p\u00e9dagogiques<\/strong> sont remis \u00e0 chaque participant au format papier afin de faciliter la prise de note et favoriser l\u2019\u00e9change. Ils sont \u00e0 disposition au format d\u00e9mat\u00e9rialis\u00e9.<\/li><\/ul><ul><li><strong>Les formateurs s\u2019adaptent au rythme, au besoin du groupe et de chaque participant.<\/strong><\/li><\/ul><ul><li>Le contenu th\u00e9orique est souple et peut \u00eatre am\u00e9nag\u00e9 afin de remplir les objectifs de formation.<strong style=\"font-size: 16px; color: var( --e-global-color-text );\">\u00a0<\/strong><\/li><\/ul><\/div>\n\t\t\t\t<\/div>\n\t\t\t\t\t\t\t<div class=\"elementor-accordion-item\">\n\t\t\t\t\t<div id=\"elementor-tab-title-2096\" class=\"elementor-tab-title\" data-tab=\"6\" role=\"button\" aria-controls=\"elementor-tab-content-2096\" aria-expanded=\"false\">\n\t\t\t\t\t\t\t\t\t\t\t\t\t<span class=\"elementor-accordion-icon elementor-accordion-icon-left\" aria-hidden=\"true\">\n\t\t\t\t\t\t\t\t\t\t\t\t\t\t\t<span class=\"elementor-accordion-icon-closed\"><svg class=\"e-font-icon-svg e-fas-plus\" viewBox=\"0 0 448 512\" xmlns=\"http:\/\/www.w3.org\/2000\/svg\"><path d=\"M416 208H272V64c0-17.67-14.33-32-32-32h-32c-17.67 0-32 14.33-32 32v144H32c-17.67 0-32 14.33-32 32v32c0 17.67 14.33 32 32 32h144v144c0 17.67 14.33 32 32 32h32c17.67 0 32-14.33 32-32V304h144c17.67 0 32-14.33 32-32v-32c0-17.67-14.33-32-32-32z\"><\/path><\/svg><\/span>\n\t\t\t\t\t\t\t\t<span class=\"elementor-accordion-icon-opened\"><svg class=\"e-font-icon-svg e-fas-minus\" viewBox=\"0 0 448 512\" xmlns=\"http:\/\/www.w3.org\/2000\/svg\"><path d=\"M416 208H32c-17.67 0-32 14.33-32 32v32c0 17.67 14.33 32 32 32h384c17.67 0 32-14.33 32-32v-32c0-17.67-14.33-32-32-32z\"><\/path><\/svg><\/span>\n\t\t\t\t\t\t\t\t\t\t\t\t\t\t<\/span>\n\t\t\t\t\t\t\t\t\t\t\t\t<a class=\"elementor-accordion-title\" tabindex=\"0\">Les attestations des participants<\/a>\n\t\t\t\t\t<\/div>\n\t\t\t\t\t<div id=\"elementor-tab-content-2096\" class=\"elementor-tab-content elementor-clearfix\" data-tab=\"6\" role=\"region\" aria-labelledby=\"elementor-tab-title-2096\"><p><strong>Une attestation individuelle de fin de formation<\/strong> est remise \u00e0 chaque participant en fin de formation par le formateur r\u00e9f\u00e9rent pr\u00e9cisant l\u2019\u00e9valuation de ses acquis au vu des objectifs de formation tels que d\u00e9finis dans la convention et dans le programme remis \u00e0 chaque participant en d\u00e9but de formation.<\/p><p><strong>Une attestation de pr\u00e9sence<\/strong> de chaque participant, pr\u00e9cisant notamment les dates et heures de formation suivies, ainsi qu\u2019<strong>une attestation de DPC <\/strong>pour les th\u00e9matiques r\u00e9pertori\u00e9es par l\u2019Agence Nationale du DPC, consultables sur <a href=\"http:\/\/www.agencedpc.fr\">www.agencedpc.fr<\/a> &#8211; Organisme n\u00b03704, seront envoy\u00e9es avec le dossier de facturation dans le mois qui suit la fin de formation au responsable des ressources humaines et \u00e0 l&rsquo;organisme financeur en cas de facturation directe.<\/p><\/div>\n\t\t\t\t<\/div>\n\t\t\t\t\t\t\t\t<\/div>\n\t\t\t\t<\/div>\n\t\t\t\t<\/div>\n\t\t\t\t\t<\/div>\n\t\t\t\t<\/div>\n\t\t\t\t<\/div>\n\t\t","protected":false},"excerpt":{"rendered":"<p>Les sessions de formation La d\u00e9marche d&rsquo;inscription Apr\u00e8s analyse de vos besoins de formation, nous vous adresserons tr\u00e8s r\u00e9activement (2 semaines maximum) une proposition de formation sur mesure compos\u00e9e\u00a0des renseignements concernant : Le dispositif de formation\u00a0: contexte institutionnel &#8211; structuration de l&rsquo;intervention \u2013 participants concern\u00e9s, voire pr\u00e9-requis Les modalit\u00e9s de d\u00e9roulement programme\u00a0: objectifs \u2013 m\u00e9thodes [&hellip;]<\/p>\n","protected":false},"author":1,"featured_media":0,"parent":0,"menu_order":0,"comment_status":"closed","ping_status":"closed","template":"","meta":{"ocean_post_layout":"","ocean_both_sidebars_style":"","ocean_both_sidebars_content_width":0,"ocean_both_sidebars_sidebars_width":0,"ocean_sidebar":"","ocean_second_sidebar":"","ocean_disable_margins":"enable","ocean_add_body_class":"","ocean_shortcode_before_top_bar":"","ocean_shortcode_after_top_bar":"","ocean_shortcode_before_header":"","ocean_shortcode_after_header":"","ocean_has_shortcode":"","ocean_shortcode_after_title":"","ocean_shortcode_before_footer_widgets":"","ocean_shortcode_after_footer_widgets":"","ocean_shortcode_before_footer_bottom":"","ocean_shortcode_after_footer_bottom":"","ocean_display_top_bar":"default","ocean_display_header":"default","ocean_header_style":"","ocean_center_header_left_menu":"","ocean_custom_header_template":"","ocean_custom_logo":0,"ocean_custom_retina_logo":0,"ocean_custom_logo_max_width":0,"ocean_custom_logo_tablet_max_width":0,"ocean_custom_logo_mobile_max_width":0,"ocean_custom_logo_max_height":0,"ocean_custom_logo_tablet_max_height":0,"ocean_custom_logo_mobile_max_height":0,"ocean_header_custom_menu":"","ocean_menu_typo_font_family":"","ocean_menu_typo_font_subset":"","ocean_menu_typo_font_size":0,"ocean_menu_typo_font_size_tablet":0,"ocean_menu_typo_font_size_mobile":0,"ocean_menu_typo_font_size_unit":"px","ocean_menu_typo_font_weight":"","ocean_menu_typo_font_weight_tablet":"","ocean_menu_typo_font_weight_mobile":"","ocean_menu_typo_transform":"","ocean_menu_typo_transform_tablet":"","ocean_menu_typo_transform_mobile":"","ocean_menu_typo_line_height":0,"ocean_menu_typo_line_height_tablet":0,"ocean_menu_typo_line_height_mobile":0,"ocean_menu_typo_line_height_unit":"","ocean_menu_typo_spacing":0,"ocean_menu_typo_spacing_tablet":0,"ocean_menu_typo_spacing_mobile":0,"ocean_menu_typo_spacing_unit":"","ocean_menu_link_color":"","ocean_menu_link_color_hover":"","ocean_menu_link_color_active":"","ocean_menu_link_background":"","ocean_menu_link_hover_background":"","ocean_menu_link_active_background":"","ocean_menu_social_links_bg":"","ocean_menu_social_hover_links_bg":"","ocean_menu_social_links_color":"","ocean_menu_social_hover_links_color":"","ocean_disable_title":"default","ocean_disable_heading":"default","ocean_post_title":"","ocean_post_subheading":"","ocean_post_title_style":"","ocean_post_title_background_color":"","ocean_post_title_background":0,"ocean_post_title_bg_image_position":"","ocean_post_title_bg_image_attachment":"","ocean_post_title_bg_image_repeat":"","ocean_post_title_bg_image_size":"","ocean_post_title_height":0,"ocean_post_title_bg_overlay":0.5,"ocean_post_title_bg_overlay_color":"","ocean_disable_breadcrumbs":"default","ocean_breadcrumbs_color":"","ocean_breadcrumbs_separator_color":"","ocean_breadcrumbs_links_color":"","ocean_breadcrumbs_links_hover_color":"","ocean_display_footer_widgets":"default","ocean_display_footer_bottom":"default","ocean_custom_footer_template":"","footnotes":""},"class_list":["post-170","page","type-page","status-publish","hentry","entry"],"_links":{"self":[{"href":"https:\/\/bienetregerontologie.fr\/index.php\/wp-json\/wp\/v2\/pages\/170","targetHints":{"allow":["GET"]}}],"collection":[{"href":"https:\/\/bienetregerontologie.fr\/index.php\/wp-json\/wp\/v2\/pages"}],"about":[{"href":"https:\/\/bienetregerontologie.fr\/index.php\/wp-json\/wp\/v2\/types\/page"}],"author":[{"embeddable":true,"href":"https:\/\/bienetregerontologie.fr\/index.php\/wp-json\/wp\/v2\/users\/1"}],"replies":[{"embeddable":true,"href":"https:\/\/bienetregerontologie.fr\/index.php\/wp-json\/wp\/v2\/comments?post=170"}],"version-history":[{"count":21,"href":"https:\/\/bienetregerontologie.fr\/index.php\/wp-json\/wp\/v2\/pages\/170\/revisions"}],"predecessor-version":[{"id":1206,"href":"https:\/\/bienetregerontologie.fr\/index.php\/wp-json\/wp\/v2\/pages\/170\/revisions\/1206"}],"wp:attachment":[{"href":"https:\/\/bienetregerontologie.fr\/index.php\/wp-json\/wp\/v2\/media?parent=170"}],"curies":[{"name":"wp","href":"https:\/\/api.w.org\/{rel}","templated":true}]}}