{"id":172,"date":"2024-08-07T14:58:44","date_gmt":"2024-08-07T12:58:44","guid":{"rendered":"https:\/\/bienetregerontologie.fr\/?page_id=172"},"modified":"2026-02-08T07:42:43","modified_gmt":"2026-02-08T06:42:43","slug":"rgpd","status":"publish","type":"page","link":"https:\/\/bienetregerontologie.fr\/index.php\/rgpd\/","title":{"rendered":"RGPD"},"content":{"rendered":"\t\t<div data-elementor-type=\"wp-page\" data-elementor-id=\"172\" class=\"elementor elementor-172\">\n\t\t\t\t<div class=\"elementor-element elementor-element-2403168 e-flex e-con-boxed e-con e-parent\" data-id=\"2403168\" data-element_type=\"container\">\n\t\t\t\t\t<div class=\"e-con-inner\">\n\t\t\t\t<div class=\"elementor-element elementor-element-a62b9fb elementor-widget elementor-widget-heading\" data-id=\"a62b9fb\" data-element_type=\"widget\" data-widget_type=\"heading.default\">\n\t\t\t\t<div class=\"elementor-widget-container\">\n\t\t\t<style>\/*! elementor - v3.23.0 - 25-07-2024 *\/\n.elementor-heading-title{padding:0;margin:0;line-height:1}.elementor-widget-heading .elementor-heading-title[class*=elementor-size-]>a{color:inherit;font-size:inherit;line-height:inherit}.elementor-widget-heading .elementor-heading-title.elementor-size-small{font-size:15px}.elementor-widget-heading .elementor-heading-title.elementor-size-medium{font-size:19px}.elementor-widget-heading .elementor-heading-title.elementor-size-large{font-size:29px}.elementor-widget-heading .elementor-heading-title.elementor-size-xl{font-size:39px}.elementor-widget-heading .elementor-heading-title.elementor-size-xxl{font-size:59px}<\/style><h2 class=\"elementor-heading-title elementor-size-default\">RGPD<\/h2>\t\t<\/div>\n\t\t\t\t<\/div>\n\t\t\t\t\t<\/div>\n\t\t\t\t<\/div>\n\t\t<div class=\"elementor-element elementor-element-950ee34 e-flex e-con-boxed e-con e-parent\" data-id=\"950ee34\" data-element_type=\"container\">\n\t\t\t\t\t<div class=\"e-con-inner\">\n\t\t\t\t\t<\/div>\n\t\t\t\t<\/div>\n\t\t<div class=\"elementor-element elementor-element-71675b8 e-flex e-con-boxed e-con e-parent\" data-id=\"71675b8\" data-element_type=\"container\">\n\t\t\t\t\t<div class=\"e-con-inner\">\n\t\t\t\t<div class=\"elementor-element elementor-element-25b136e elementor-widget elementor-widget-text-editor\" data-id=\"25b136e\" data-element_type=\"widget\" data-widget_type=\"text-editor.default\">\n\t\t\t\t<div class=\"elementor-widget-container\">\n\t\t\t<style>\/*! elementor - v3.23.0 - 25-07-2024 *\/\n.elementor-widget-text-editor.elementor-drop-cap-view-stacked .elementor-drop-cap{background-color:#69727d;color:#fff}.elementor-widget-text-editor.elementor-drop-cap-view-framed .elementor-drop-cap{color:#69727d;border:3px solid;background-color:transparent}.elementor-widget-text-editor:not(.elementor-drop-cap-view-default) .elementor-drop-cap{margin-top:8px}.elementor-widget-text-editor:not(.elementor-drop-cap-view-default) .elementor-drop-cap-letter{width:1em;height:1em}.elementor-widget-text-editor .elementor-drop-cap{float:left;text-align:center;line-height:1;font-size:50px}.elementor-widget-text-editor .elementor-drop-cap-letter{display:inline-block}<\/style>\t\t\t\t<h4><strong>Extrait du R\u00e8glement G\u00e9n\u00e9ral sur la protection des donn\u00e9es<\/strong><strong style=\"font-size: 16px; color: var( --e-global-color-text ); text-align: var(--text-align);\">\u00a0<\/strong><\/h4><h5><strong>Engagement de discr\u00e9tion<\/strong><\/h5><p>A l&rsquo;issue de la session de formation, le formateur adresse \u00e0 Madame HUGONNET son bilan p\u00e9dagogique au sujet du d\u00e9roulement de la formation comprenant :<\/p><ul><li>Le nom du r\u00e9f\u00e9rent formation de l\u2019\u00e9tablissement d\u2019accueil s\u2019il est pr\u00e9sent au bilan oral<\/li><li>Le motif des absences des participants si tel est le cas<\/li><li>Le r\u00e9sum\u00e9 du bilan oral<\/li><li>Son analyse concernant la dynamique de groupe, les avanc\u00e9es constat\u00e9es et\/ou envisag\u00e9es aux regards des attentes et des objectifs de la formation pour les participants<\/li><li>Ses remarques et suggestions au sujet de la session de formation<\/li><\/ul><p>Ce bilan p\u00e9dagogique veillera \u00e0 ne comporter aucun commentaire subjectif ou diffusant l&rsquo;identit\u00e9 d&rsquo;un participant.<\/p><p>Le formateur s\u2019engage plus largement \u00e0 garantir son devoir de discr\u00e9tion en ne divulguant aucune information de quelque nature et mode de communication que ce soit (Ex\u00a0: r\u00e9seaux sociaux, publicit\u00e9s et plaquettes, CV etc) concernant\u00a0:<\/p><ul><li>Le lieu de formation<\/li><li>Les personnes concern\u00e9es\u00a0: participants et personnels des \u00e9tablissements, identit\u00e9 des usagers&#8230;<\/li><li>Le th\u00e8me et le contenu de la formation<\/li><li>L\u2019ensemble des propos recueillis dans le cadre de la formation<\/li><\/ul><p>Il ne peut conserver de documents qui mentionnent l\u2019identit\u00e9 et\/ou les \u00e9crits de participants qu\u2019\u00e0 des fins de justifications professionnelles demand\u00e9es par les tutelles de certification et d\u2019agr\u00e9ment DREETS, s\u2019il intervient en qualit\u00e9 de formateur ind\u00e9pendant. Ces \u00e9crits ne concernent pas les dispositifs d\u2019accompagnement personnalis\u00e9s des personnes en situation de handicap qui sont strictement confidentiels et non conserv\u00e9s par le formateur \u00e0 l\u2019issue de la session de formation.<\/p><p>Il ne peut demander de coordonn\u00e9es personnelles de participants que dans le cadre du suivi p\u00e9dagogique de la session de la formation et qu\u2019apr\u00e8s accord de Madame HUGONNET. Il s\u2019engage dans ce cas \u00e0 ne pas les conserver \u00e0 l\u2019issue de la formation.<\/p><p><strong style=\"font-size: 16px; color: var( --e-global-color-text ); text-align: var(--text-align);\"><em>\u00a0<\/em><\/strong><\/p><h5><strong>Connaissances de probl\u00e9matiques institutionnelles<\/strong><\/h5><p>Les conventions de formation sign\u00e9es des deux parties comportent la mention \u00ab\u00a0Aucune information relative aux probl\u00e9matiques institutionnelles ne sera divulgu\u00e9e en dehors du cadre stricte de la formation\u00a0\u00bb dans un souci d\u2019information de la garantie de confidentialit\u00e9 et de discr\u00e9tion.<\/p><p>\u00a0<\/p><h5><strong>Listings<\/strong><\/h5><p>Les listings client\u00e8les de comptabilit\u00e9, d\u2019adresses mails et de contacts t\u00e9l\u00e9phoniques sont enregistr\u00e9s sous format Word et Excel et sont la propri\u00e9t\u00e9 de BIEN ETRE G\u00e9rontologie et formation soumis aux r\u00e8gles de confidentialit\u00e9. Ils ne font l\u2019objet d\u2019aucune commercialisation.<\/p><p>Le listing des adresses mails client\u00e8les est mis \u00e0 jour d\u2019apr\u00e8s vos demandes de devis et nos relations commerciales. Le client peut \u00e0 tout moment informer BIEN ETRE G\u00e9rontologie et formation de son choix de se retirer du listing afin de ne plus recevoir de mails d\u2019informations \u00e0 l\u2019adresse : catherine.hugonnet@free.fr. Le client ne fera alors plus partie du listing et ne recevra plus nos mails, notamment d\u2019envois annuels du nouveau catalogue de l\u2019ann\u00e9e (au mois de septembre pour le catalogue de l\u2019ann\u00e9e suivante) et de nos v\u0153ux (au mois de janvier).<\/p><p>\u00a0<\/p><h5><strong style=\"font-family: Ubuntu; font-size: 15px; font-style: normal;\">Fichier client\u00e8le de suivi personnalis\u00e9<\/strong><\/h5><p>Il est tenu par Madame HUGONNET en format papier et se limite aux besoins institutionnels, propositions commerciales envoy\u00e9es et \u00e0 l\u2019\u00e9ch\u00e9ancier de suivi de rappel t\u00e9l\u00e9phonique ou courrier. Aucun fichier informatique n\u2019est utilis\u00e9. Aucun commentaire non professionnel n\u2019est mentionn\u00e9.<\/p><p>\u00a0<\/p><h5><strong>Listing de gestion des sessions de formation programm\u00e9es<\/strong><\/h5><p>Un mois avant le d\u00e9but de chaque session de formation et dans le cadre de sa pr\u00e9paration, est demand\u00e9 notamment au r\u00e9f\u00e9rent formation de l\u2019institution cliente par mail la liste des participants pr\u00e9cisant leurs noms, pr\u00e9noms et fonctions. \u00a0<\/p><p>Cette liste est transmise au formateur dans le cadre de la bonne organisation de son intervention et sert de base \u00e0 l\u2019\u00e9laboration des attestations de pr\u00e9sence et de DPC adress\u00e9es au r\u00e9f\u00e9rent formation de l\u2019\u00e9tablissement client en fin de formation.<\/p><p>Le formateur, de statut salari\u00e9 ou prestataire de service, est soumis aux conditions de confidentialit\u00e9 de BIEN ETRE G\u00e9rontologie et formation.<\/p><p>\u00a0<\/p><p>Les sessions de formation AFGSU, PSC1, SST et PRAP sont sanctionn\u00e9es par des attestations et\/ou certificats sp\u00e9cifiques qui n\u00e9cessitent la demande par mail (en plus des noms et pr\u00e9noms) des adresses et des dates et lieux de naissance des participants. Ces informations personnelles sont transmises aux prestataires en charge de l\u2019\u00e9laboration des attestations et certificats.\u00a0<\/p><p>Dans le cadre de la <u>Loi du 2 ao\u00fbt 2021<\/u> (article L. 4141-5 du code du travail<strong>) <\/strong>qui a cr\u00e9\u00e9 le passeport de pr\u00e9vention, les organismes de formation ont l\u2019obligation de d\u00e9clarer sur la plateforme num\u00e9rique nationale les attestations de formation, certificats, dipl\u00f4mes des participants en mati\u00e8re de sant\u00e9 et s\u00e9curit\u00e9 au travail pour le compte des employeurs, qui ont l\u2019obligation de v\u00e9rifier la conformit\u00e9 des d\u00e9clarations effectu\u00e9es.<\/p><p>Afin de pouvoir proc\u00e9der \u00e0 cette d\u00e9claration, l\u2019employeur fournit \u00e0 BIEN ETRE G\u00e9rontologie et formation son num\u00e9ro de SIRET et pour chaque participant concern\u00e9\u00a0: son num\u00e9ro de s\u00e9curit\u00e9 sociale et son nom de naissance, conform\u00e9ment au <u>D\u00e9cret n\u00b02023-1073 du 20 novembre 2023<\/u> qui autorise l\u2019utilisation du num\u00e9ro de s\u00e9curit\u00e9 sociale du stagiaire par les organismes de formation.<\/p><p>\u00a0<\/p><p>Les conditions de traitement des donn\u00e9es personnelles et de d\u00e9p\u00f4ts de cookies, totalement ind\u00e9pendantes de BIEN ETRE G\u00e9rontologie et formation qui se d\u00e9gage de toute responsabilit\u00e9 les concernant, sont consultables sur demande par mail: catherine.hugonnet@free.fr ou bienetregerontologie@gmail.com.<\/p><p>Madame HUGONNET archive informatiquement les fiches d\u2019\u00e9valuation des participants ayant suivi une formation, leurs attestations et certificats, leurs questionnaires d\u2019\u00e9valuation des acquis ainsi que les bilans p\u00e9dagogiques des formateurs dans le cadre de la l\u00e9gislation relative aux organismes de formation et ce pour une p\u00e9riode de 5 ans, \u00e0 la suite de quoi ils sont supprim\u00e9s. Aucun duplicata d\u2019attestations et de certificats ne peut donc \u00eatre d\u00e9livr\u00e9 apr\u00e8s ce d\u00e9lai.<\/p><p>Les informations recueillies relatives au suivi personnalis\u00e9 des personnes en situation de handicap rel\u00e8vent de ces m\u00eames dispositions.<\/p><p>\u00a0<\/p><h5><strong>Listing des fiches d&rsquo;\u00e9valuation<\/strong><\/h5><p>Les fiches d\u2019\u00e9valuation des participants font l\u2019objet de statistiques annuelles globales diffus\u00e9es sur le site internet de l\u2019organisme : https:\/\/bienetregerontologie.fr et dans le catalogue de formation, conform\u00e9ment aux exigences de la certificat Qualiopi.<\/p><p>\u00a0<\/p><h5><strong>Les factures<\/strong><\/h5><p>Elles sont archiv\u00e9es par ann\u00e9e dans le dossier \u00ab comptabilit\u00e9\u00bb.<\/p><p>\u00a0<\/p><h5><strong>Propri\u00e9t\u00e9 intellectuelle<\/strong><\/h5><p>Les documents p\u00e9dagogiques remis aux participants (dispositifs p\u00e9dagogiques, programmes, supports p\u00e9dagogiques) sont la propri\u00e9t\u00e9 intellectuelle de BIEN ETRE G\u00e9rontologie et formation et prot\u00e9g\u00e9s par le droit d\u2019auteur, interdisant ainsi tout partage, vol, reproduction, repr\u00e9sentation, totale ou partielle des supports sans autorisation pr\u00e9alable.<\/p><p>Le client signataire de la convention de formation s\u2019engage pour lui-m\u00eame, ses employ\u00e9s et collaborateurs, \u00e0 respecter ce droit d\u2019auteur.<\/p>\t\t\t\t\t\t<\/div>\n\t\t\t\t<\/div>\n\t\t\t\t\t<\/div>\n\t\t\t\t<\/div>\n\t\t\t\t<\/div>\n\t\t","protected":false},"excerpt":{"rendered":"<p>RGPD Extrait du R\u00e8glement G\u00e9n\u00e9ral sur la protection des donn\u00e9es\u00a0 Engagement de discr\u00e9tion A l&rsquo;issue de la session de formation, le formateur adresse \u00e0 Madame HUGONNET son bilan p\u00e9dagogique au sujet du d\u00e9roulement de la formation comprenant : Le nom du r\u00e9f\u00e9rent formation de l\u2019\u00e9tablissement d\u2019accueil s\u2019il est pr\u00e9sent au bilan oral Le motif des [&hellip;]<\/p>\n","protected":false},"author":1,"featured_media":0,"parent":0,"menu_order":0,"comment_status":"closed","ping_status":"closed","template":"","meta":{"ocean_post_layout":"","ocean_both_sidebars_style":"","ocean_both_sidebars_content_width":0,"ocean_both_sidebars_sidebars_width":0,"ocean_sidebar":"","ocean_second_sidebar":"","ocean_disable_margins":"enable","ocean_add_body_class":"","ocean_shortcode_before_top_bar":"","ocean_shortcode_after_top_bar":"","ocean_shortcode_before_header":"","ocean_shortcode_after_header":"","ocean_has_shortcode":"","ocean_shortcode_after_title":"","ocean_shortcode_before_footer_widgets":"","ocean_shortcode_after_footer_widgets":"","ocean_shortcode_before_footer_bottom":"","ocean_shortcode_after_footer_bottom":"","ocean_display_top_bar":"default","ocean_display_header":"default","ocean_header_style":"","ocean_center_header_left_menu":"","ocean_custom_header_template":"","ocean_custom_logo":0,"ocean_custom_retina_logo":0,"ocean_custom_logo_max_width":0,"ocean_custom_logo_tablet_max_width":0,"ocean_custom_logo_mobile_max_width":0,"ocean_custom_logo_max_height":0,"ocean_custom_logo_tablet_max_height":0,"ocean_custom_logo_mobile_max_height":0,"ocean_header_custom_menu":"","ocean_menu_typo_font_family":"","ocean_menu_typo_font_subset":"","ocean_menu_typo_font_size":0,"ocean_menu_typo_font_size_tablet":0,"ocean_menu_typo_font_size_mobile":0,"ocean_menu_typo_font_size_unit":"px","ocean_menu_typo_font_weight":"","ocean_menu_typo_font_weight_tablet":"","ocean_menu_typo_font_weight_mobile":"","ocean_menu_typo_transform":"","ocean_menu_typo_transform_tablet":"","ocean_menu_typo_transform_mobile":"","ocean_menu_typo_line_height":0,"ocean_menu_typo_line_height_tablet":0,"ocean_menu_typo_line_height_mobile":0,"ocean_menu_typo_line_height_unit":"","ocean_menu_typo_spacing":0,"ocean_menu_typo_spacing_tablet":0,"ocean_menu_typo_spacing_mobile":0,"ocean_menu_typo_spacing_unit":"","ocean_menu_link_color":"","ocean_menu_link_color_hover":"","ocean_menu_link_color_active":"","ocean_menu_link_background":"","ocean_menu_link_hover_background":"","ocean_menu_link_active_background":"","ocean_menu_social_links_bg":"","ocean_menu_social_hover_links_bg":"","ocean_menu_social_links_color":"","ocean_menu_social_hover_links_color":"","ocean_disable_title":"default","ocean_disable_heading":"default","ocean_post_title":"","ocean_post_subheading":"","ocean_post_title_style":"","ocean_post_title_background_color":"","ocean_post_title_background":0,"ocean_post_title_bg_image_position":"","ocean_post_title_bg_image_attachment":"","ocean_post_title_bg_image_repeat":"","ocean_post_title_bg_image_size":"","ocean_post_title_height":0,"ocean_post_title_bg_overlay":0.5,"ocean_post_title_bg_overlay_color":"","ocean_disable_breadcrumbs":"default","ocean_breadcrumbs_color":"","ocean_breadcrumbs_separator_color":"","ocean_breadcrumbs_links_color":"","ocean_breadcrumbs_links_hover_color":"","ocean_display_footer_widgets":"default","ocean_display_footer_bottom":"default","ocean_custom_footer_template":"","footnotes":""},"class_list":["post-172","page","type-page","status-publish","hentry","entry"],"_links":{"self":[{"href":"https:\/\/bienetregerontologie.fr\/index.php\/wp-json\/wp\/v2\/pages\/172","targetHints":{"allow":["GET"]}}],"collection":[{"href":"https:\/\/bienetregerontologie.fr\/index.php\/wp-json\/wp\/v2\/pages"}],"about":[{"href":"https:\/\/bienetregerontologie.fr\/index.php\/wp-json\/wp\/v2\/types\/page"}],"author":[{"embeddable":true,"href":"https:\/\/bienetregerontologie.fr\/index.php\/wp-json\/wp\/v2\/users\/1"}],"replies":[{"embeddable":true,"href":"https:\/\/bienetregerontologie.fr\/index.php\/wp-json\/wp\/v2\/comments?post=172"}],"version-history":[{"count":27,"href":"https:\/\/bienetregerontologie.fr\/index.php\/wp-json\/wp\/v2\/pages\/172\/revisions"}],"predecessor-version":[{"id":1201,"href":"https:\/\/bienetregerontologie.fr\/index.php\/wp-json\/wp\/v2\/pages\/172\/revisions\/1201"}],"wp:attachment":[{"href":"https:\/\/bienetregerontologie.fr\/index.php\/wp-json\/wp\/v2\/media?parent=172"}],"curies":[{"name":"wp","href":"https:\/\/api.w.org\/{rel}","templated":true}]}}