{"id":174,"date":"2024-08-07T15:01:59","date_gmt":"2024-08-07T13:01:59","guid":{"rendered":"https:\/\/bienetregerontologie.fr\/?page_id=174"},"modified":"2026-01-17T11:25:23","modified_gmt":"2026-01-17T10:25:23","slug":"les-indicateurs-de-resultat","status":"publish","type":"page","link":"https:\/\/bienetregerontologie.fr\/index.php\/les-indicateurs-de-resultat\/","title":{"rendered":"Les indicateurs de r\u00e9sultat"},"content":{"rendered":"\t\t<div data-elementor-type=\"wp-page\" data-elementor-id=\"174\" class=\"elementor elementor-174\">\n\t\t\t\t<div class=\"elementor-element elementor-element-ac13558 e-flex e-con-boxed e-con e-parent\" data-id=\"ac13558\" data-element_type=\"container\">\n\t\t\t\t\t<div class=\"e-con-inner\">\n\t\t\t\t<div class=\"elementor-element elementor-element-cb85abd elementor-invisible elementor-widget elementor-widget-heading\" data-id=\"cb85abd\" data-element_type=\"widget\" data-settings=\"{&quot;_animation&quot;:&quot;fadeInDown&quot;}\" data-widget_type=\"heading.default\">\n\t\t\t\t<div class=\"elementor-widget-container\">\n\t\t\t<style>\/*! elementor - v3.23.0 - 25-07-2024 *\/\n.elementor-heading-title{padding:0;margin:0;line-height:1}.elementor-widget-heading .elementor-heading-title[class*=elementor-size-]>a{color:inherit;font-size:inherit;line-height:inherit}.elementor-widget-heading .elementor-heading-title.elementor-size-small{font-size:15px}.elementor-widget-heading .elementor-heading-title.elementor-size-medium{font-size:19px}.elementor-widget-heading .elementor-heading-title.elementor-size-large{font-size:29px}.elementor-widget-heading .elementor-heading-title.elementor-size-xl{font-size:39px}.elementor-widget-heading .elementor-heading-title.elementor-size-xxl{font-size:59px}<\/style><h2 class=\"elementor-heading-title elementor-size-default\">Les indicateurs de r\u00e9sultat<\/h2>\t\t<\/div>\n\t\t\t\t<\/div>\n\t\t\t\t\t<\/div>\n\t\t\t\t<\/div>\n\t\t<div class=\"elementor-element elementor-element-360eaea e-flex e-con-boxed e-con e-parent\" data-id=\"360eaea\" data-element_type=\"container\">\n\t\t\t\t\t<div class=\"e-con-inner\">\n\t\t\t\t<div class=\"elementor-element elementor-element-62097b3 elementor-widget elementor-widget-text-editor\" data-id=\"62097b3\" data-element_type=\"widget\" data-widget_type=\"text-editor.default\">\n\t\t\t\t<div class=\"elementor-widget-container\">\n\t\t\t<style>\/*! elementor - v3.23.0 - 25-07-2024 *\/\n.elementor-widget-text-editor.elementor-drop-cap-view-stacked .elementor-drop-cap{background-color:#69727d;color:#fff}.elementor-widget-text-editor.elementor-drop-cap-view-framed .elementor-drop-cap{color:#69727d;border:3px solid;background-color:transparent}.elementor-widget-text-editor:not(.elementor-drop-cap-view-default) .elementor-drop-cap{margin-top:8px}.elementor-widget-text-editor:not(.elementor-drop-cap-view-default) .elementor-drop-cap-letter{width:1em;height:1em}.elementor-widget-text-editor .elementor-drop-cap{float:left;text-align:center;line-height:1;font-size:50px}.elementor-widget-text-editor .elementor-drop-cap-letter{display:inline-block}<\/style>\t\t\t\t<h2>Nos indicateurs de r\u00e9sultats des 3 derni\u00e8res ann\u00e9es<\/h2><p><strong>\u00a0<\/strong><strong style=\"font-size: 16px;\"><em><sup>(1)<\/sup><\/em><\/strong><em style=\"font-size: 16px;\"> Ecart entre les r\u00e9sultats des \u00e9valuations initiales et des \u00e9valuation finales<\/em><\/p><p><em><strong><sup>(2)<\/sup><\/strong><\/em><em> Moyenne des r\u00e9ponses coch\u00e9es \u00ab tr\u00e8s satisfait \u00bb et \u00ab satisfait \u00bb sur les fiches individuelles d&rsquo;\u00e9valuation remplies en fin de sessions de formation par chaque participant. <\/em><\/p><p><em>Item concern\u00e9 : \u00ab Pour l&rsquo;ensemble de l&rsquo;action de formation, \u00eates-vous : Tr\u00e8s satisfait \/ Satisfait \/ Sans opinion \/ Insatisfait \/ Tr\u00e8s insatisfait \u00bb.<br \/><strong><sup>(3)<\/sup><\/strong><\/em><em> Moyenne des r\u00e9ponses coch\u00e9es \u00ab parfaitement \u00bb et \u00ab en grande partie \u00bb sur les fiches individuelles d&rsquo;\u00e9valuation remplies en fin de sessions de formation par chaque participant. <\/em><\/p><p><em>Item concern\u00e9 : \u00ab Les objectifs de cette formation ont-ils \u00e9t\u00e9 atteints selon vous : Parfaitement \/ En grande partie \/ Moyennement \/ Pas du tout \u00bb.<\/em><\/p><p><strong>\u00a0<\/strong><\/p><h4><strong style=\"color: var( --e-global-color-text ); font-family: Ubuntu, sans-serif; font-size: 25px; font-style: normal; text-align: var(--text-align);\">Donn\u00e9es 2023<\/strong><\/h4><p>1771 professionnels ont \u00e9t\u00e9 form\u00e9s dont 35,69% d&rsquo;Aides-Soignants, 13,89% d&rsquo;Infirmiers, 32,02% d&rsquo;ASH. Les r\u00e9sultats des \u00e9valuations des acquis des apprenants de nos actions de formation indiquent un taux de r\u00e9ussite moyen aux \u00e9valuations finales de 90,91% et une progression moyenne de 102,91%<em> <strong><sup>(1)<\/sup><\/strong><\/em><em>.<\/em><\/p><p>Le taux de satisfaction moyen des apprenants concernant les actions de formation est de 99,72% <strong><em><sup>(2)<\/sup><\/em><\/strong><em>.<\/em><\/p><p>Le taux de satisfaction moyen des apprenants concernant l&rsquo;atteinte des objectifs de formation est de 98,53% <strong><em><sup>(3)<\/sup><\/em><\/strong><em>.<\/em><\/p><p>Le taux d&rsquo;absent\u00e9isme des participants est de 1,15% d\u00fb principalement aux imp\u00e9ratifs de service et arr\u00eats maladie.<\/p><h4><strong>Donn\u00e9es 2024<\/strong><\/h4><p>2132 professionnels ont \u00e9t\u00e9 form\u00e9s dont 39,40% d&rsquo;Aides-Soignants, 14,02% d&rsquo;Infirmiers, 26,64% d&rsquo;ASH. Les r\u00e9sultats des \u00e9valuations des acquis des apprenants de nos actions de formation indiquent un taux de r\u00e9ussite moyen aux \u00e9valuations finales de 90,55% et une progression moyenne de 94,57%<em> <strong><sup>(1)<\/sup><\/strong><\/em><em>.<\/em><\/p><p>Le taux de satisfaction moyen des apprenants concernant les actions de formation est de 99,06% <strong><em><sup>(2)<\/sup><\/em><\/strong><em>.<\/em><\/p><p>Le taux de satisfaction moyen des apprenants concernant l&rsquo;atteinte des objectifs de formation est de 98,74% <strong><em><sup>(3)<\/sup><\/em><\/strong><em>.<\/em><\/p><p>Le taux d&rsquo;absent\u00e9isme des participants est de 1,16% d\u00fb principalement aux imp\u00e9ratifs de service et arr\u00eats maladie.<\/p><h4><strong>Donn\u00e9es 2025<\/strong><\/h4><p>1918 professionnels ont \u00e9t\u00e9 form\u00e9s dont 40,62% d&rsquo;Aides-Soignants, 14,96% d&rsquo;Infirmiers, 21,79% d&rsquo;ASH. Les r\u00e9sultats des \u00e9valuations des acquis des apprenants de nos actions de formation indiquent un taux de r\u00e9ussite moyen aux \u00e9valuations finales de 96,17% et une progression moyenne de 119,48%<em> <strong><sup>(1)<\/sup><\/strong><\/em><em>.<\/em><\/p><p>Le taux de satisfaction moyen des apprenants concernant les actions de formation est de 98,53% <strong><em><sup>(2)<\/sup><\/em><\/strong><em>.<\/em><\/p><p>Le taux de satisfaction moyen des apprenants concernant l&rsquo;atteinte des objectifs de formation est de 97,28% <strong><em><sup>(3)<\/sup><\/em><\/strong><em>.<\/em><\/p><p>Le taux d&rsquo;absent\u00e9isme des participants est de 1,80% d\u00fb principalement aux imp\u00e9ratifs de service et arr\u00eats maladie.<\/p><p class=\"MsoNormal\" style=\"margin-right: 14.2pt; text-align: justify; text-justify: inter-ideograph; vertical-align: top;\">\u00a0<\/p><p>\u00a0<\/p>\t\t\t\t\t\t<\/div>\n\t\t\t\t<\/div>\n\t\t\t\t<div class=\"elementor-element elementor-element-5460797 elementor-widget elementor-widget-text-editor\" data-id=\"5460797\" data-element_type=\"widget\" data-widget_type=\"text-editor.default\">\n\t\t\t\t<div class=\"elementor-widget-container\">\n\t\t\t\t\t\t\t<h4><strong>Les indicateurs de r\u00e9sultats par prestations 2025<\/strong><\/h4><table width=\"713\"><tbody><tr><td width=\"175\"><p><strong>Th\u00e8mes<\/strong><\/p><\/td><td width=\"113\"><p><strong>Acquisitions finales <\/strong><strong><em><sup>(1)<\/sup><\/em><\/strong><\/p><\/td><td width=\"111\"><p><strong>Acquisitions \u2013 progression <\/strong><strong><em><sup>(1)<\/sup><\/em><\/strong><\/p><\/td><td width=\"116\"><p><strong>Satisfactions <\/strong><strong><em><sup>(2)<\/sup><\/em><\/strong><\/p><\/td><td width=\"111\"><p><strong>Atteintes objectifs <\/strong><strong><em><sup>(3)<\/sup><\/em><\/strong><\/p><\/td><td width=\"88\"><p><strong>Effectifs<\/strong><\/p><\/td><\/tr><tr><td width=\"175\"><p>Bientraitance<\/p><\/td><td width=\"113\"><p>94,85<\/p><\/td><td width=\"111\"><p>121,44<\/p><\/td><td width=\"116\"><p>99,36<\/p><\/td><td width=\"111\"><p>99,04<\/p><\/td><td width=\"88\"><p>324<\/p><\/td><\/tr><tr><td width=\"175\"><p>Fin de vie<\/p><\/td><td width=\"113\"><p>98,91<\/p><\/td><td width=\"111\"><p>101<\/p><\/td><td width=\"116\"><p>100<\/p><\/td><td width=\"111\"><p>98,68<\/p><\/td><td width=\"88\"><p>158<\/p><\/td><\/tr><tr><td width=\"175\"><p>Repas<\/p><\/td><td width=\"113\"><p>92,23<\/p><\/td><td width=\"111\"><p>65,29<\/p><\/td><td width=\"116\"><p>100<\/p><\/td><td width=\"111\"><p>100<\/p><\/td><td width=\"88\"><p>111<\/p><\/td><\/tr><tr><td width=\"175\"><p>Travail d\u2019\u00e9quipe<\/p><\/td><td width=\"113\"><p>99,04<\/p><\/td><td width=\"111\"><p>194,97<\/p><\/td><td width=\"116\"><p>100<\/p><\/td><td width=\"111\"><p>100<\/p><\/td><td width=\"88\"><p>24<\/p><\/td><\/tr><tr><td width=\"175\"><p>ASH<\/p><\/td><td width=\"113\"><p>94,35<\/p><\/td><td width=\"111\"><p>88,50<\/p><\/td><td width=\"116\"><p>100<\/p><\/td><td width=\"111\"><p>100<\/p><\/td><td width=\"88\"><p>24<\/p><\/td><\/tr><tr><td width=\"175\"><p>Agressivit\u00e9<\/p><\/td><td width=\"113\"><p>99,76<\/p><\/td><td width=\"111\"><p>143,79<\/p><\/td><td width=\"116\"><p>93,40<\/p><\/td><td width=\"111\"><p>90,65<\/p><\/td><td width=\"88\"><p>109<\/p><\/td><\/tr><tr><td width=\"175\"><p>Manger Mains<\/p><\/td><td width=\"113\"><p>81,43<\/p><\/td><td width=\"111\"><p>35,72<\/p><\/td><td width=\"116\"><p>100<\/p><\/td><td width=\"111\"><p>100<\/p><\/td><td width=\"88\"><p>9<\/p><\/td><\/tr><tr><td width=\"175\"><p>Alzheimer<\/p><\/td><td width=\"113\"><p>86,59<\/p><\/td><td width=\"111\"><p>120,86<\/p><\/td><td width=\"116\"><p>96,51<\/p><\/td><td width=\"111\"><p>93,02<\/p><\/td><td width=\"88\"><p>87<\/p><\/td><\/tr><tr><td width=\"175\"><p>APP<\/p><\/td><td width=\"113\"><p>\u00a0<\/p><\/td><td width=\"111\"><p>\u00a0<\/p><\/td><td width=\"116\"><p>66,67<\/p><\/td><td width=\"111\"><p>52,63<\/p><\/td><td width=\"88\"><p>46<\/p><\/td><\/tr><tr><td width=\"175\"><p>AFGSU<\/p><\/td><td width=\"113\"><p>100<\/p><\/td><td width=\"111\"><p>100<\/p><\/td><td width=\"116\"><p>100<\/p><\/td><td width=\"111\"><p>100<\/p><\/td><td width=\"88\"><p>53<\/p><\/td><\/tr><tr><td width=\"175\"><p>Pieds &#8211; r\u00e9flexologie<\/p><\/td><td width=\"113\"><p>95,19<\/p><\/td><td width=\"111\"><p>255,61<\/p><\/td><td width=\"116\"><p>100<\/p><\/td><td width=\"111\"><p>100<\/p><\/td><td width=\"88\"><p>19<\/p><\/td><\/tr><tr><td width=\"175\"><p>Douleur<\/p><\/td><td width=\"113\"><p>97,85<\/p><\/td><td width=\"111\"><p>98,04<\/p><\/td><td width=\"116\"><p>100<\/p><\/td><td width=\"111\"><p>100<\/p><\/td><td width=\"88\"><p>58<\/p><\/td><\/tr><tr><td width=\"175\"><p>Familles<\/p><\/td><td width=\"113\"><p>99,13<\/p><\/td><td width=\"111\"><p>88,90<\/p><\/td><td width=\"116\"><p>100<\/p><\/td><td width=\"111\"><p>100<\/p><\/td><td width=\"88\"><p>52<\/p><\/td><\/tr><tr><td width=\"175\"><p>Hypnose<\/p><\/td><td width=\"113\"><p>99<\/p><\/td><td width=\"111\"><p>189,98<\/p><\/td><td width=\"116\"><p>100<\/p><\/td><td width=\"111\"><p>76,47<\/p><\/td><td width=\"88\"><p>19<\/p><\/td><\/tr><tr><td width=\"175\"><p>Prendre soin<\/p><\/td><td width=\"113\"><p>92,50<\/p><\/td><td width=\"111\"><p>177,53<\/p><\/td><td width=\"116\"><p>100<\/p><\/td><td width=\"111\"><p>87,50<\/p><\/td><td width=\"88\"><p>9<\/p><\/td><\/tr><tr><td width=\"175\"><p>Escarres &#8211; Plaies<\/p><\/td><td width=\"113\"><p>84,07<\/p><\/td><td width=\"111\"><p>55,01<\/p><\/td><td width=\"116\"><p>100<\/p><\/td><td width=\"111\"><p>95,25<\/p><\/td><td width=\"88\"><p>23<\/p><\/td><\/tr><tr><td width=\"175\"><p>Transmissions<\/p><\/td><td width=\"113\"><p>99,81<\/p><\/td><td width=\"111\"><p>68,38<\/p><\/td><td width=\"116\"><p>100<\/p><\/td><td width=\"111\"><p>100<\/p><\/td><td width=\"88\"><p>28<\/p><\/td><\/tr><tr><td width=\"175\"><p>PRAP<\/p><\/td><td width=\"113\"><p>99,26<\/p><\/td><td width=\"111\"><p>45,57<\/p><\/td><td width=\"116\"><p>100<\/p><\/td><td width=\"111\"><p>100<\/p><\/td><td width=\"88\"><p>30<\/p><\/td><\/tr><tr><td width=\"175\"><p>D\u00e9nutrition<\/p><\/td><td width=\"113\"><p>99,05<\/p><\/td><td width=\"111\"><p>72,64<\/p><\/td><td width=\"116\"><p>100<\/p><\/td><td width=\"111\"><p>100<\/p><\/td><td width=\"88\"><p>19<\/p><\/td><\/tr><tr><td width=\"175\"><p>Secret professionnel<\/p><\/td><td width=\"113\"><p>97,50<\/p><\/td><td width=\"111\"><p>178,57<\/p><\/td><td width=\"116\"><p>100<\/p><\/td><td width=\"111\"><p>100<\/p><\/td><td width=\"88\"><p>12<\/p><\/td><\/tr><tr><td width=\"175\"><p>RABC<\/p><\/td><td width=\"113\"><p>79,27<\/p><\/td><td width=\"111\"><p>48<\/p><\/td><td width=\"116\"><p>100<\/p><\/td><td width=\"111\"><p>100<\/p><\/td><td width=\"88\"><p>11<\/p><\/td><\/tr><tr><td width=\"175\"><p>Soins d\u2019apparence<\/p><\/td><td width=\"113\"><p>100<\/p><\/td><td width=\"111\"><p>7,15<\/p><\/td><td width=\"116\"><p>100<\/p><\/td><td width=\"111\"><p>100<\/p><\/td><td width=\"88\"><p>5<\/p><\/td><\/tr><tr><td width=\"175\"><p>Manutention<\/p><\/td><td width=\"113\"><p>97,44<\/p><\/td><td width=\"111\"><p>118<\/p><\/td><td width=\"116\"><p>98,36<\/p><\/td><td width=\"111\"><p>95,08<\/p><\/td><td width=\"88\"><p>61<\/p><\/td><\/tr><tr><td width=\"175\"><p>Toilette<\/p><\/td><td width=\"113\"><p>96,67<\/p><\/td><td width=\"111\"><p>155,88<\/p><\/td><td width=\"116\"><p>100<\/p><\/td><td width=\"111\"><p>100<\/p><\/td><td width=\"88\"><p>3<\/p><\/td><\/tr><tr><td width=\"175\"><p>Travail de nuit<\/p><\/td><td width=\"113\"><p>99,33<\/p><\/td><td width=\"111\"><p>57,93<\/p><\/td><td width=\"116\"><p>100<\/p><\/td><td width=\"111\"><p>95,83<\/p><\/td><td width=\"88\"><p>24<\/p><\/td><\/tr><tr><td width=\"175\"><p>Service h\u00f4telier<\/p><\/td><td width=\"113\"><p>95,24<\/p><\/td><td width=\"111\"><p>91,88<\/p><\/td><td width=\"116\"><p>100<\/p><\/td><td width=\"111\"><p>100<\/p><\/td><td width=\"88\"><p>27<\/p><\/td><\/tr><tr><td width=\"175\"><p>Stress<\/p><\/td><td width=\"113\"><p>100<\/p><\/td><td width=\"111\"><p>49,10<\/p><\/td><td width=\"116\"><p>100<\/p><\/td><td width=\"111\"><p>100<\/p><\/td><td width=\"88\"><p>8<\/p><\/td><\/tr><tr><td width=\"175\"><p>Bucco dentaire<\/p><\/td><td width=\"113\"><p>96,43<\/p><\/td><td width=\"111\"><p>97,19<\/p><\/td><td width=\"116\"><p>100<\/p><\/td><td width=\"111\"><p>100<\/p><\/td><td width=\"88\"><p>22<\/p><\/td><\/tr><tr><td width=\"175\"><p>Accomp. non m\u00e9dic.<\/p><\/td><td width=\"113\"><p>94,41<\/p><\/td><td width=\"111\"><p>347,45<\/p><\/td><td width=\"116\"><p>96,67<\/p><\/td><td width=\"111\"><p>93,10<\/p><\/td><td width=\"88\"><p>32<\/p><\/td><\/tr><tr><td width=\"175\"><p>Chariot multisensoriel<\/p><\/td><td width=\"113\"><p>45,45<\/p><\/td><td width=\"111\"><p>114,25<\/p><\/td><td width=\"116\"><p>100<\/p><\/td><td width=\"111\"><p>90<\/p><\/td><td width=\"88\"><p>11<\/p><\/td><\/tr><tr><td width=\"175\"><p>Chutes<\/p><\/td><td width=\"113\"><p>100<\/p><\/td><td width=\"111\"><p>36,99<\/p><\/td><td width=\"116\"><p>100<\/p><\/td><td width=\"111\"><p>100<\/p><\/td><td width=\"88\"><p>11<\/p><\/td><\/tr><tr><td width=\"175\"><p>Th\u00e9rapie Imag\u00e9tique<\/p><\/td><td width=\"113\"><p>99<\/p><\/td><td width=\"111\"><p>536,83<\/p><\/td><td width=\"116\"><p>100<\/p><\/td><td width=\"111\"><p>100<\/p><\/td><td width=\"88\"><p>20<\/p><\/td><\/tr><tr><td width=\"175\"><p>Animation<\/p><\/td><td width=\"113\"><p>94,13<\/p><\/td><td width=\"111\"><p>81,56<\/p><\/td><td width=\"116\"><p>97,62<\/p><\/td><td width=\"111\"><p>100<\/p><\/td><td width=\"88\"><p>42<\/p><\/td><\/tr><tr><td width=\"175\"><p>Suicide<\/p><\/td><td width=\"113\"><p>100<\/p><\/td><td width=\"111\"><p>109,34<\/p><\/td><td width=\"116\"><p>100<\/p><\/td><td width=\"111\"><p>100<\/p><\/td><td width=\"88\"><p>15<\/p><\/td><\/tr><tr><td width=\"175\"><p>D\u00e9glutition<\/p><\/td><td width=\"113\"><p>98,18<\/p><\/td><td width=\"111\"><p>67<\/p><\/td><td width=\"116\"><p>90,91<\/p><\/td><td width=\"111\"><p>90,91<\/p><\/td><td width=\"88\"><p>11<\/p><\/td><\/tr><tr><td width=\"175\"><p>Glissement<\/p><\/td><td width=\"113\"><p>100<\/p><\/td><td width=\"111\"><p>47,54<\/p><\/td><td width=\"116\"><p>100<\/p><\/td><td width=\"111\"><p>100<\/p><\/td><td width=\"88\"><p>9<\/p><\/td><\/tr><tr><td width=\"175\"><p>HACCP<\/p><\/td><td width=\"113\"><p>97,12<\/p><\/td><td width=\"111\"><p>104,69<\/p><\/td><td width=\"116\"><p>100<\/p><\/td><td width=\"111\"><p>100<\/p><\/td><td width=\"88\"><p>52<\/p><\/td><\/tr><tr><td width=\"175\"><p>Alimentation<\/p><\/td><td width=\"113\"><p>93,18<\/p><\/td><td width=\"111\"><p>46,42<\/p><\/td><td width=\"116\"><p>100<\/p><\/td><td width=\"111\"><p>100<\/p><\/td><td width=\"88\"><p>11<\/p><\/td><\/tr><tr><td width=\"175\"><p>Droits des r\u00e9sidents<\/p><\/td><td width=\"113\"><p>98,74<\/p><\/td><td width=\"111\"><p>209,88<\/p><\/td><td width=\"116\"><p>100<\/p><\/td><td width=\"111\"><p>100<\/p><\/td><td width=\"88\"><p>66<\/p><\/td><\/tr><tr><td width=\"175\"><p>Projet personnalis\u00e9<\/p><\/td><td width=\"113\"><p>100<\/p><\/td><td width=\"111\"><p>100<\/p><\/td><td width=\"116\"><p>96,55<\/p><\/td><td width=\"111\"><p>100<\/p><\/td><td width=\"88\"><p>43<\/p><\/td><\/tr><tr><td width=\"175\"><p>Angoisses nocturnes<\/p><\/td><td width=\"113\"><p>100<\/p><\/td><td width=\"111\"><p>68,55<\/p><\/td><td width=\"116\"><p>90<\/p><\/td><td width=\"111\"><p>90<\/p><\/td><td width=\"88\"><p>10<\/p><\/td><\/tr><tr><td width=\"175\"><p>SST<\/p><\/td><td width=\"113\"><p>100<\/p><\/td><td width=\"111\"><p>100<\/p><\/td><td width=\"116\"><p>100<\/p><\/td><td width=\"111\"><p>100<\/p><\/td><td width=\"88\"><p>13<\/p><\/td><\/tr><tr><td width=\"175\"><p>Simulateur vieillissement<\/p><\/td><td width=\"113\"><p>93,72<\/p><\/td><td width=\"111\"><p>112,50<\/p><\/td><td width=\"116\"><p>\u00a0<\/p><\/td><td width=\"111\"><p>\u00a0<\/p><\/td><td width=\"88\"><p>19<\/p><\/td><\/tr><tr><td width=\"175\"><p>Troubles psychiatriques<\/p><\/td><td width=\"113\"><p>100<\/p><\/td><td width=\"111\"><p>222,57<\/p><\/td><td width=\"116\"><p>100<\/p><\/td><td width=\"111\"><p>97,62<\/p><\/td><td width=\"88\"><p>42<\/p><\/td><\/tr><\/tbody><\/table><p>\u00a0<\/p>\t\t\t\t\t\t<\/div>\n\t\t\t\t<\/div>\n\t\t\t\t\t<\/div>\n\t\t\t\t<\/div>\n\t\t<div class=\"elementor-element elementor-element-2055f22 e-flex e-con-boxed e-con e-parent\" data-id=\"2055f22\" data-element_type=\"container\">\n\t\t\t\t\t<div class=\"e-con-inner\">\n\t\t\t\t\t<\/div>\n\t\t\t\t<\/div>\n\t\t\t\t<\/div>\n\t\t","protected":false},"excerpt":{"rendered":"<p>Les indicateurs de r\u00e9sultat Nos indicateurs de r\u00e9sultats des 3 derni\u00e8res ann\u00e9es \u00a0(1) Ecart entre les r\u00e9sultats des \u00e9valuations initiales et des \u00e9valuation finales (2) Moyenne des r\u00e9ponses coch\u00e9es \u00ab tr\u00e8s satisfait \u00bb et \u00ab satisfait \u00bb sur les fiches individuelles d&rsquo;\u00e9valuation remplies en fin de sessions de formation par chaque participant. Item concern\u00e9 : [&hellip;]<\/p>\n","protected":false},"author":1,"featured_media":0,"parent":0,"menu_order":0,"comment_status":"closed","ping_status":"closed","template":"","meta":{"ocean_post_layout":"","ocean_both_sidebars_style":"","ocean_both_sidebars_content_width":0,"ocean_both_sidebars_sidebars_width":0,"ocean_sidebar":"","ocean_second_sidebar":"","ocean_disable_margins":"enable","ocean_add_body_class":"","ocean_shortcode_before_top_bar":"","ocean_shortcode_after_top_bar":"","ocean_shortcode_before_header":"","ocean_shortcode_after_header":"","ocean_has_shortcode":"","ocean_shortcode_after_title":"","ocean_shortcode_before_footer_widgets":"","ocean_shortcode_after_footer_widgets":"","ocean_shortcode_before_footer_bottom":"","ocean_shortcode_after_footer_bottom":"","ocean_display_top_bar":"default","ocean_display_header":"default","ocean_header_style":"","ocean_center_header_left_menu":"","ocean_custom_header_template":"","ocean_custom_logo":0,"ocean_custom_retina_logo":0,"ocean_custom_logo_max_width":0,"ocean_custom_logo_tablet_max_width":0,"ocean_custom_logo_mobile_max_width":0,"ocean_custom_logo_max_height":0,"ocean_custom_logo_tablet_max_height":0,"ocean_custom_logo_mobile_max_height":0,"ocean_header_custom_menu":"","ocean_menu_typo_font_family":"","ocean_menu_typo_font_subset":"","ocean_menu_typo_font_size":0,"ocean_menu_typo_font_size_tablet":0,"ocean_menu_typo_font_size_mobile":0,"ocean_menu_typo_font_size_unit":"px","ocean_menu_typo_font_weight":"","ocean_menu_typo_font_weight_tablet":"","ocean_menu_typo_font_weight_mobile":"","ocean_menu_typo_transform":"","ocean_menu_typo_transform_tablet":"","ocean_menu_typo_transform_mobile":"","ocean_menu_typo_line_height":0,"ocean_menu_typo_line_height_tablet":0,"ocean_menu_typo_line_height_mobile":0,"ocean_menu_typo_line_height_unit":"","ocean_menu_typo_spacing":0,"ocean_menu_typo_spacing_tablet":0,"ocean_menu_typo_spacing_mobile":0,"ocean_menu_typo_spacing_unit":"","ocean_menu_link_color":"","ocean_menu_link_color_hover":"","ocean_menu_link_color_active":"","ocean_menu_link_background":"","ocean_menu_link_hover_background":"","ocean_menu_link_active_background":"","ocean_menu_social_links_bg":"","ocean_menu_social_hover_links_bg":"","ocean_menu_social_links_color":"","ocean_menu_social_hover_links_color":"","ocean_disable_title":"default","ocean_disable_heading":"default","ocean_post_title":"","ocean_post_subheading":"","ocean_post_title_style":"","ocean_post_title_background_color":"","ocean_post_title_background":0,"ocean_post_title_bg_image_position":"","ocean_post_title_bg_image_attachment":"","ocean_post_title_bg_image_repeat":"","ocean_post_title_bg_image_size":"","ocean_post_title_height":0,"ocean_post_title_bg_overlay":0.5,"ocean_post_title_bg_overlay_color":"","ocean_disable_breadcrumbs":"default","ocean_breadcrumbs_color":"","ocean_breadcrumbs_separator_color":"","ocean_breadcrumbs_links_color":"","ocean_breadcrumbs_links_hover_color":"","ocean_display_footer_widgets":"default","ocean_display_footer_bottom":"default","ocean_custom_footer_template":"","footnotes":""},"class_list":["post-174","page","type-page","status-publish","hentry","entry"],"_links":{"self":[{"href":"https:\/\/bienetregerontologie.fr\/index.php\/wp-json\/wp\/v2\/pages\/174","targetHints":{"allow":["GET"]}}],"collection":[{"href":"https:\/\/bienetregerontologie.fr\/index.php\/wp-json\/wp\/v2\/pages"}],"about":[{"href":"https:\/\/bienetregerontologie.fr\/index.php\/wp-json\/wp\/v2\/types\/page"}],"author":[{"embeddable":true,"href":"https:\/\/bienetregerontologie.fr\/index.php\/wp-json\/wp\/v2\/users\/1"}],"replies":[{"embeddable":true,"href":"https:\/\/bienetregerontologie.fr\/index.php\/wp-json\/wp\/v2\/comments?post=174"}],"version-history":[{"count":40,"href":"https:\/\/bienetregerontologie.fr\/index.php\/wp-json\/wp\/v2\/pages\/174\/revisions"}],"predecessor-version":[{"id":1189,"href":"https:\/\/bienetregerontologie.fr\/index.php\/wp-json\/wp\/v2\/pages\/174\/revisions\/1189"}],"wp:attachment":[{"href":"https:\/\/bienetregerontologie.fr\/index.php\/wp-json\/wp\/v2\/media?parent=174"}],"curies":[{"name":"wp","href":"https:\/\/api.w.org\/{rel}","templated":true}]}}