{"id":3,"date":"2024-08-02T15:26:40","date_gmt":"2024-08-02T13:26:40","guid":{"rendered":"http:\/\/bienetregerontologie.fr\/?page_id=3"},"modified":"2026-01-17T12:28:43","modified_gmt":"2026-01-17T11:28:43","slug":"politique-de-confidentialite","status":"publish","type":"page","link":"https:\/\/bienetregerontologie.fr\/index.php\/politique-de-confidentialite\/","title":{"rendered":"Politique de confidentialit\u00e9"},"content":{"rendered":"\t\t<div data-elementor-type=\"wp-page\" data-elementor-id=\"3\" class=\"elementor elementor-3\">\n\t\t\t\t<div class=\"elementor-element elementor-element-54f3d7ac e-flex e-con-boxed e-con e-parent\" data-id=\"54f3d7ac\" data-element_type=\"container\">\n\t\t\t\t\t<div class=\"e-con-inner\">\n\t\t\t\t<div class=\"elementor-element elementor-element-323c74fb elementor-widget elementor-widget-text-editor\" data-id=\"323c74fb\" data-element_type=\"widget\" data-widget_type=\"text-editor.default\">\n\t\t\t\t<div class=\"elementor-widget-container\">\n\t\t\t<style>\/*! elementor - v3.23.0 - 25-07-2024 *\/\n.elementor-widget-text-editor.elementor-drop-cap-view-stacked .elementor-drop-cap{background-color:#69727d;color:#fff}.elementor-widget-text-editor.elementor-drop-cap-view-framed .elementor-drop-cap{color:#69727d;border:3px solid;background-color:transparent}.elementor-widget-text-editor:not(.elementor-drop-cap-view-default) .elementor-drop-cap{margin-top:8px}.elementor-widget-text-editor:not(.elementor-drop-cap-view-default) .elementor-drop-cap-letter{width:1em;height:1em}.elementor-widget-text-editor .elementor-drop-cap{float:left;text-align:center;line-height:1;font-size:50px}.elementor-widget-text-editor .elementor-drop-cap-letter{display:inline-block}<\/style>\t\t\t\t<h2>Qui sommes-nous\u00a0?<\/h2>\n<p><!-- \/wp:heading --><!-- wp:paragraph --><\/p>\n<p>L\u2019adresse de notre site est : https:\/\/bienetregerontologie.fr<\/p>\n<p><strong>BIEN ETRE G\u00e9rontologie et formation<\/strong><\/p>\n<p><strong>Madame Catherine HUGONNET. E.I.<\/strong><\/p>\n<p>23, rue Pierre Termier. 69660 Collonges au Mont d\u2019Or<\/p>\n<p>06 68 93 40 51<\/p>\n<p>catherine.hugonnet@free.fr<\/p>\n<p>N\u00b0 ANDPC\u00a0: 3704<\/p>\n<p>Enregistr\u00e9 Datadock n\u00b016132<\/p>\n<p>Certifi\u00e9 Qualiopi n\u00b02403_CN_04238-V.1\u00a0<\/p>\n<p>Mise en conformit\u00e9 RGPD depuis 2018<\/p>\n<p>N\u00b0 SIRET\u00a0: 4839308480047 Code APE 8559A<\/p>\n<p>Organisme de formation n\u00b082690881069<\/p>\n<p>Organisme exon\u00e9r\u00e9 de la TVA<\/p>\n<p><strong>\u00a0<\/strong><\/p>\n<p><strong>Ce site est h\u00e9berg\u00e9 par\u00a0:<\/strong><\/p>\n<p><strong>OVH<\/strong><\/p>\n<p>SAS au capital de 50 000 000 \u20ac<\/p>\n<p>RCS Lille M\u00e9tropole 424 761 419 00045<br \/>Code APE 2620Z<br \/>N\u00b0 TVA : FR 22 424 761 419<br \/>Si\u00e8ge social : 2 rue Kellermann &#8211; 59100 Roubaix &#8211; France<\/p>\n<p>OVH SAS est une filiale de la soci\u00e9t\u00e9 OVH Groupe SA, soci\u00e9t\u00e9 immatricul\u00e9e au RCS de Lille sous le num\u00e9ro 537 407 926 sise 2, rue Kellermann, 59100 Roubaix.<\/p>\n<p>https:\/\/www.ovhcloud.com\/fr<\/p>\n<p>\u00a0<\/p>\n<p>\u00a0<\/p>\n<p><!-- \/wp:paragraph --><!-- wp:heading --><\/p>\n<h2>Commentaires<\/h2>\n<p><!-- \/wp:heading --><!-- wp:paragraph --><\/p>\n<p class=\"p1\">BIEN ETRE G\u00e9rontologie et formation se r\u00e9serve le droit de mettre \u00e0 jour \u00e0 tout moment et sans pr\u00e9avis, et donc de modifier, les informations du site (dispositifs p\u00e9dagogiques, organisations, programmes, catalogue\u2026), y compris les mentions indiqu\u00e9es ci-dessous.<\/p>\n<p class=\"p1\">L\u2019utilisateur s\u2019engage \u00e0 les consulter r\u00e9guli\u00e8rement pour son information \u00e9clair\u00e9e.<\/p>\n<p class=\"p1\">\u00a0<\/p>\n<p class=\"p1\">\u00a0<\/p>\n<p><!-- \/wp:paragraph --><!-- wp:heading --><\/p>\n<h2>Utilisation de vos donn\u00e9es personnelles<\/h2>\n<p><!-- \/wp:heading --><!-- wp:paragraph --><\/p>\n<p>BIEN ETRE G\u00e9rontologie et formation a fait le choix de ne pas vous demander d\u2019informations personnelles via le site internet https:\/\/bienetregerontologie.fr.<\/p>\n<p>Votre identit\u00e9 et vos donn\u00e9es personnelles ne vous seront pas demand\u00e9es, ce qui implique que vous ne pouvez pas laisser de commentaire sur le site.<\/p>\n<p>Cependant, vous pouvez adresser un mail \u00e0 la responsable de l\u2019organisme de formation, Madame HUGONNET Catherine, \u00e0 l\u2019adresse catherine.hugonnet@free.fr, notamment gr\u00e2ce aux liens pr\u00e9sents dans les parties du site d\u2019informations du contact, afin de recevoir des renseignements compl\u00e9mentaires, r\u00e9pondre \u00e0 vos questions, adresser des demandes de propositions de formations d\u00e9taill\u00e9es avec devis ; les programmes consultables dans la partie \u00ab Nos sessions de formation \u00bb \u00e9tant tr\u00e8s succincts dans un souci de protection de la propri\u00e9t\u00e9 intellectuelle de ses contenus.<\/p>\n<p>\u00a0<\/p>\n<p>Les informations collect\u00e9es n\u00e9cessaires au bon suivi des sessions de formation ne sont pas communiqu\u00e9es via le site internet et font l\u2019objet de nos \u00e9changes mails consentis. Vous trouverez les renseignements concernant notre politique de protection des donn\u00e9es dans la partie <em>RGPD<\/em> de <em>Nos organisations<\/em> et dans notre catalogue de formation, consultable sur le site https:\/\/bienetregerontologie.fr.<\/p>\n<p>\u00a0<\/p>\n<p>\u00a0<\/p>\n<p><!-- \/wp:paragraph --><!-- wp:heading --><\/p>\n<h2>Cookies<\/h2>\n<p><!-- \/wp:heading --><!-- wp:paragraph --><\/p>\n<p class=\"p1\">Si vous vous rendez sur la page de connexion, un cookie temporaire sera cr\u00e9\u00e9 afin de d\u00e9terminer si votre navigateur accepte les cookies. Il ne contient pas de donn\u00e9es personnelles et sera supprim\u00e9 automatiquement \u00e0 la fermeture de votre navigateur.<\/p>\n<p class=\"p1\">Lorsque vous vous connecterez, nous mettrons en place un certain nombre de cookies pour enregistrer vos informations de connexion et vos pr\u00e9f\u00e9rences d\u2019\u00e9cran. La dur\u00e9e de vie d\u2019un cookie de connexion est de deux jours, celle d\u2019un cookie d\u2019option d\u2019\u00e9cran est d\u2019un an. Si vous cochez \u00ab Se souvenir de moi \u00bb, votre cookie de connexion sera conserv\u00e9 pendant deux semaines. Si vous vous d\u00e9connectez de votre compte, le cookie de connexion sera effac\u00e9.<\/p>\n<p class=\"p1\">Nous utilisons les donn\u00e9es de connexion pour nos statistiques de consultation (type de navigateur, nombre de visiteurs, rubriques visit\u00e9es\u2026) pour l\u2019optimisation de notre site en terme de rubriques et de navigation, mais ces informations ne sont pas transmises \u00e0 des tiers.<\/p>\n<p class=\"p1\">\u00a0<\/p>\n<p class=\"p1\">\u00a0<\/p>\n<p><!-- \/wp:paragraph --><!-- wp:heading --><\/p>\n<h2>Liens hypertextes<\/h2>\n<p><!-- \/wp:heading --><!-- wp:paragraph --><\/p>\n<p class=\"p1\">La mise en place d\u2019un lien hypertexte vers le site https:\/\/bienetregerontologie.fr ne n\u00e9cessite pas d\u2019autorisation pr\u00e9alable et \u00e9crite de la responsable de l\u2019organisme de formation. N\u00e9anmoins, Madame HUGONNET Catherine doit en \u00eatre inform\u00e9e dans un d\u00e9lai maximum de 10 jours apr\u00e8s la mise en place du lien. En tout \u00e9tat de cause, l\u2019organisme de formation ne peut en aucun cas \u00eatre tenu responsable du contenu ainsi que des produits ou services propos\u00e9s sur les sites auxquels https:\/\/bienetregerontologie.fr se trouverait li\u00e9 par des liens hypertextes ou tout autre type de lien, y compris depuis le site de son h\u00e9bergeur https:\/\/www.ovhcloud.com\/fr.<\/p>\n<p><!-- \/wp:paragraph --><!-- wp:paragraph --><\/p>\n<p>Ces sites web pourraient collecter des donn\u00e9es sur vous, utiliser des cookies, embarquer des outils de suivis tiers, suivre vos interactions avec ces contenus embarqu\u00e9s si vous disposez d\u2019un compte connect\u00e9 sur leur site web.<\/p>\n<p>\u00a0<\/p>\n<p>\u00a0<\/p>\n<p><!-- \/wp:paragraph --><!-- wp:heading --><\/p>\n<h2>Propri\u00e9t\u00e9 intellectuelle de BIEN ETRE G\u00e9rontologie et formation<\/h2>\n<p><!-- \/wp:heading --><!-- wp:paragraph --><\/p>\n<p class=\"p1\">Les contenus du site internet https:\/\/bienetregerontologie.fr sont la propri\u00e9t\u00e9 intellectuelle de BIEN ETRE G\u00e9rontologie et formation et prot\u00e9g\u00e9s par le droit d\u2019auteur, interdisant ainsi tout partage, vol, reproduction, repr\u00e9sentation, totale ou partielle des supports.<\/p>\n<p class=\"p1\">BIEN ETRE G\u00e9rontologie et formation d\u00e9tient les droits d\u2019usage sur tous les \u00e9l\u00e9ments accessibles sur le site internet, notamment les textes, images, graphismes, logos, vid\u00e9os, ic\u00f4nes et sons (\u00e0 l\u2019exception des \u00e9l\u00e9ments appartenant aux partenaires et prestataires de la structure). Toute reproduction, repr\u00e9sentation, modification, publication, adaptation de tout ou partie des \u00e9l\u00e9ments du site, quel que soit le moyen ou le proc\u00e9d\u00e9 utilis\u00e9, est interdite et sera consid\u00e9r\u00e9e comme constitutive d\u2019une contrefa\u00e7on et poursuivie conform\u00e9ment aux dispositions des articles L.335-2 et suivants du Code de Propri\u00e9t\u00e9 Intellectuelle.<\/p>\n<p class=\"p1\">A l\u2019exception de l\u2019iconographie, la reproduction des pages de ce site sur un support papier est autoris\u00e9e, sous r\u00e9serve du respect des trois conditions suivantes :<\/p>\n<p class=\"p1\">\u2022 gratuit\u00e9 de la diffusion,<\/p>\n<p class=\"p1\">\u2022 respect de l\u2019int\u00e9grit\u00e9 des documents reproduits (aucune modification, ni alt\u00e9ration d\u2019aucune sorte)<\/p>\n<p class=\"p1\">\u2022 citation explicite du site https:\/\/bienetregerontologie.fr comme source et mention que les droits de reproduction sont r\u00e9serv\u00e9s et strictement limit\u00e9s.<\/p>\n<p class=\"p1\">La reproduction de tout ou partie de ce site sur un support \u00e9lectronique est autoris\u00e9e sous r\u00e9serve de l\u2019ajout de fa\u00e7on claire et lisible de la source (https:\/\/bienetregerontologie.fr) et de la mention \u00abDroits r\u00e9serv\u00e9s\u00bb. Les informations utilis\u00e9es \u00e0 des fins commerciales sont interdites.<\/p>\n<p class=\"p1\">\u00a0<\/p>\n<p class=\"p1\">\u00a0<\/p>\n<p><!-- \/wp:paragraph --><!-- wp:heading --><\/p>\n<h2>Limitation de responsabilit\u00e9<\/h2>\n<p><!-- \/wp:heading --><!-- wp:paragraph --><\/p>\n<p>BIEN ETRE G\u00e9rontologie et formation ne pourra pas \u00eatre tenu responsable des dommages directs et indirects caus\u00e9s au mat\u00e9riel de l\u2019utilisateur lors de l\u2019acc\u00e8s au site internet https:\/\/bienetregerontologie.fr, pouvant r\u00e9sulter de l\u2019utilisation d\u2019un mat\u00e9riel inappropri\u00e9 (notamment non r\u00e9cent, contenant un virus, ayant un navigateur d\u2019ancienne g\u00e9n\u00e9ration, non mis \u00e0 jour\u2026), de l\u2019apparition d\u2019un bug ou d\u2019une incompatibilit\u00e9.\u00a0<\/p>\n<p>\u00a0<\/p>\n<p>\u00a0<\/p>\n<p><!-- \/wp:paragraph --><!-- wp:heading --><\/p>\n<h2>L&rsquo;exercice de vos droits<\/h2>\n<p><!-- \/wp:heading --><!-- wp:paragraph --><\/p>\n<p>Pour toute question concernant notre gestion de vos donn\u00e9es et les droits vous concernant (d\u2019acc\u00e8s, \u00e0 l\u2019effacement, de rectification, \u00e0 la limitation du traitement, d\u2019opposition, \u00e0 la portabilit\u00e9, post-mortem), vous pouvez nous contacter \u00e0 l\u2019adresse : catherine.hugonnet@free.fr.<\/p>\n<p>Vous disposez \u00e9galement de la possibilit\u00e9\u00a0:<\/p>\n<ul>\n<li>D\u2019utiliser le lien vers la plateforme europ\u00e9enne de RLL (R\u00e8glement en Ligne des Litiges) : https:\/\/entreprendre.service-public.fr\/vosdroits\/R48100.<\/li>\n<li>De saisir la CNIL (Commission Nationale de l\u2019Informatique et des Libert\u00e9s) pour toute r\u00e9clamation concernant notre proc\u00e9d\u00e9 de collecte et de traitement de vos donn\u00e9es personnelles sur le site https:\/\/www.cnil.fr\/fr\/plaintes.<\/li>\n<\/ul>\n<p>\u00a0<\/p>\n<h2>En cas de litige<\/h2>\n<p>Si vous n\u2019\u00eates pas parvenu \u00e0 r\u00e9soudre votre litige apr\u00e8s nous avoir adress\u00e9 une r\u00e9clamation \u00e9crite (courrier ou courriel), dat\u00e9e, rappelant les circonstances qui ont donn\u00e9 lieu au diff\u00e9rend et ce que vous r\u00e9clamez, vous pourrez saisir le m\u00e9diateur de la consommation, d\u00e9sign\u00e9 ci- dessous, si vous avez re\u00e7u une r\u00e9ponse \u00e9crite n\u00e9gative de notre part ou pas de r\u00e9ponse deux mois apr\u00e8s l\u2019envoi de votre r\u00e9clamation.<\/p>\n<p>Conform\u00e9ment aux articles L.616-1 et R.616-1 du code de la consommation, notre entreprise a mis en place un dispositif de m\u00e9diation de la consommation. L&rsquo;entit\u00e9 de m\u00e9diation retenue est :<\/p>\n<p>MEDIATION CONSOMMATION D\u00c9VELOPPEMENT\/MED CONSO DEV<\/p>\n<p>En cas de litige, vous pouvez d\u00e9poser votre r\u00e9clamation sur son site :<\/p>\n<p><a href=\"https:\/\/www.medconsodev.eu\/\">https:\/\/www.medconsodev.eu<\/a><\/p>\n<p>ou par voie postale en \u00e9crivant \u00e0 :<\/p>\n<p>M\u00c9DIATION CONSOMMATION D\u00c9VELOPPEMENT\/MED CONSO DEV<br \/>Centre d\u2019Affaires St\u00e9phanois SAS\u00a0<br \/>Immeuble l\u2019horizon \u2013 Esplanade de France<br \/>3, Rue J. Constant Milleret \u2013 42000 Saint Etienne<\/p>\n<p><!-- \/wp:paragraph --><\/p>\t\t\t\t\t\t<\/div>\n\t\t\t\t<\/div>\n\t\t\t\t\t<\/div>\n\t\t\t\t<\/div>\n\t\t\t\t<\/div>\n\t\t","protected":false},"excerpt":{"rendered":"<p>Qui sommes-nous\u00a0? L\u2019adresse de notre site est : https:\/\/bienetregerontologie.fr BIEN ETRE G\u00e9rontologie et formation Madame Catherine HUGONNET. E.I. 23, rue Pierre Termier. 69660 Collonges au Mont d\u2019Or 06 68 93 40 51 catherine.hugonnet@free.fr N\u00b0 ANDPC\u00a0: 3704 Enregistr\u00e9 Datadock n\u00b016132 Certifi\u00e9 Qualiopi n\u00b02403_CN_04238-V.1\u00a0 Mise en conformit\u00e9 RGPD depuis 2018 N\u00b0 SIRET\u00a0: 4839308480047 Code APE 8559A Organisme [&hellip;]<\/p>\n","protected":false},"author":1,"featured_media":0,"parent":0,"menu_order":0,"comment_status":"closed","ping_status":"open","template":"","meta":{"ocean_post_layout":"","ocean_both_sidebars_style":"","ocean_both_sidebars_content_width":0,"ocean_both_sidebars_sidebars_width":0,"ocean_sidebar":"","ocean_second_sidebar":"","ocean_disable_margins":"enable","ocean_add_body_class":"","ocean_shortcode_before_top_bar":"","ocean_shortcode_after_top_bar":"","ocean_shortcode_before_header":"","ocean_shortcode_after_header":"","ocean_has_shortcode":"","ocean_shortcode_after_title":"","ocean_shortcode_before_footer_widgets":"","ocean_shortcode_after_footer_widgets":"","ocean_shortcode_before_footer_bottom":"","ocean_shortcode_after_footer_bottom":"","ocean_display_top_bar":"default","ocean_display_header":"default","ocean_header_style":"","ocean_center_header_left_menu":"","ocean_custom_header_template":"","ocean_custom_logo":0,"ocean_custom_retina_logo":0,"ocean_custom_logo_max_width":0,"ocean_custom_logo_tablet_max_width":0,"ocean_custom_logo_mobile_max_width":0,"ocean_custom_logo_max_height":0,"ocean_custom_logo_tablet_max_height":0,"ocean_custom_logo_mobile_max_height":0,"ocean_header_custom_menu":"","ocean_menu_typo_font_family":"","ocean_menu_typo_font_subset":"","ocean_menu_typo_font_size":0,"ocean_menu_typo_font_size_tablet":0,"ocean_menu_typo_font_size_mobile":0,"ocean_menu_typo_font_size_unit":"px","ocean_menu_typo_font_weight":"","ocean_menu_typo_font_weight_tablet":"","ocean_menu_typo_font_weight_mobile":"","ocean_menu_typo_transform":"","ocean_menu_typo_transform_tablet":"","ocean_menu_typo_transform_mobile":"","ocean_menu_typo_line_height":0,"ocean_menu_typo_line_height_tablet":0,"ocean_menu_typo_line_height_mobile":0,"ocean_menu_typo_line_height_unit":"","ocean_menu_typo_spacing":0,"ocean_menu_typo_spacing_tablet":0,"ocean_menu_typo_spacing_mobile":0,"ocean_menu_typo_spacing_unit":"","ocean_menu_link_color":"","ocean_menu_link_color_hover":"","ocean_menu_link_color_active":"","ocean_menu_link_background":"","ocean_menu_link_hover_background":"","ocean_menu_link_active_background":"","ocean_menu_social_links_bg":"","ocean_menu_social_hover_links_bg":"","ocean_menu_social_links_color":"","ocean_menu_social_hover_links_color":"","ocean_disable_title":"default","ocean_disable_heading":"default","ocean_post_title":"","ocean_post_subheading":"","ocean_post_title_style":"","ocean_post_title_background_color":"","ocean_post_title_background":0,"ocean_post_title_bg_image_position":"","ocean_post_title_bg_image_attachment":"","ocean_post_title_bg_image_repeat":"","ocean_post_title_bg_image_size":"","ocean_post_title_height":0,"ocean_post_title_bg_overlay":0.5,"ocean_post_title_bg_overlay_color":"","ocean_disable_breadcrumbs":"default","ocean_breadcrumbs_color":"","ocean_breadcrumbs_separator_color":"","ocean_breadcrumbs_links_color":"","ocean_breadcrumbs_links_hover_color":"","ocean_display_footer_widgets":"default","ocean_display_footer_bottom":"default","ocean_custom_footer_template":"","footnotes":""},"class_list":["post-3","page","type-page","status-publish","hentry","entry"],"_links":{"self":[{"href":"https:\/\/bienetregerontologie.fr\/index.php\/wp-json\/wp\/v2\/pages\/3","targetHints":{"allow":["GET"]}}],"collection":[{"href":"https:\/\/bienetregerontologie.fr\/index.php\/wp-json\/wp\/v2\/pages"}],"about":[{"href":"https:\/\/bienetregerontologie.fr\/index.php\/wp-json\/wp\/v2\/types\/page"}],"author":[{"embeddable":true,"href":"https:\/\/bienetregerontologie.fr\/index.php\/wp-json\/wp\/v2\/users\/1"}],"replies":[{"embeddable":true,"href":"https:\/\/bienetregerontologie.fr\/index.php\/wp-json\/wp\/v2\/comments?post=3"}],"version-history":[{"count":15,"href":"https:\/\/bienetregerontologie.fr\/index.php\/wp-json\/wp\/v2\/pages\/3\/revisions"}],"predecessor-version":[{"id":1196,"href":"https:\/\/bienetregerontologie.fr\/index.php\/wp-json\/wp\/v2\/pages\/3\/revisions\/1196"}],"wp:attachment":[{"href":"https:\/\/bienetregerontologie.fr\/index.php\/wp-json\/wp\/v2\/media?parent=3"}],"curies":[{"name":"wp","href":"https:\/\/api.w.org\/{rel}","templated":true}]}}