{"id":37,"date":"2024-08-03T08:54:16","date_gmt":"2024-08-03T06:54:16","guid":{"rendered":"https:\/\/bienetregerontologie.fr\/?page_id=37"},"modified":"2024-08-25T08:47:49","modified_gmt":"2024-08-25T06:47:49","slug":"accueil","status":"publish","type":"page","link":"https:\/\/bienetregerontologie.fr\/","title":{"rendered":"Accueil"},"content":{"rendered":"\t\t<div data-elementor-type=\"wp-page\" data-elementor-id=\"37\" class=\"elementor elementor-37\">\n\t\t\t\t<div class=\"elementor-element elementor-element-332dd59 e-con-full e-flex e-con e-parent\" data-id=\"332dd59\" data-element_type=\"container\">\n\t\t\t\t<div class=\"elementor-element elementor-element-d0b4b2d elementor-invisible elementor-widget elementor-widget-heading\" data-id=\"d0b4b2d\" data-element_type=\"widget\" data-settings=\"{&quot;_animation&quot;:&quot;fadeInDown&quot;}\" data-widget_type=\"heading.default\">\n\t\t\t\t<div class=\"elementor-widget-container\">\n\t\t\t<style>\/*! elementor - v3.23.0 - 25-07-2024 *\/\n.elementor-heading-title{padding:0;margin:0;line-height:1}.elementor-widget-heading .elementor-heading-title[class*=elementor-size-]>a{color:inherit;font-size:inherit;line-height:inherit}.elementor-widget-heading .elementor-heading-title.elementor-size-small{font-size:15px}.elementor-widget-heading .elementor-heading-title.elementor-size-medium{font-size:19px}.elementor-widget-heading .elementor-heading-title.elementor-size-large{font-size:29px}.elementor-widget-heading .elementor-heading-title.elementor-size-xl{font-size:39px}.elementor-widget-heading .elementor-heading-title.elementor-size-xxl{font-size:59px}<\/style><h2 class=\"elementor-heading-title elementor-size-default\">Les formations sp\u00e9cialis\u00e9es <br><b>Sant\u00e9 et G\u00e9riatrie<\/b><\/h2>\t\t<\/div>\n\t\t\t\t<\/div>\n\t\t\t\t<div class=\"elementor-element elementor-element-f40bb42 elementor-invisible elementor-widget elementor-widget-image\" data-id=\"f40bb42\" data-element_type=\"widget\" data-settings=\"{&quot;_animation&quot;:&quot;fadeInUp&quot;}\" data-widget_type=\"image.default\">\n\t\t\t\t<div class=\"elementor-widget-container\">\n\t\t\t<style>\/*! elementor - v3.23.0 - 25-07-2024 *\/\n.elementor-widget-image{text-align:center}.elementor-widget-image a{display:inline-block}.elementor-widget-image a img[src$=\".svg\"]{width:48px}.elementor-widget-image img{vertical-align:middle;display:inline-block}<\/style>\t\t\t\t\t\t\t\t\t\t<img fetchpriority=\"high\" decoding=\"async\" width=\"1920\" height=\"1080\" src=\"https:\/\/bienetregerontologie.fr\/wp-content\/uploads\/2024\/08\/MotsCles.jpg\" class=\"attachment-full size-full wp-image-669\" alt=\"\" srcset=\"https:\/\/bienetregerontologie.fr\/wp-content\/uploads\/2024\/08\/MotsCles.jpg 1920w, https:\/\/bienetregerontologie.fr\/wp-content\/uploads\/2024\/08\/MotsCles-300x169.jpg 300w, https:\/\/bienetregerontologie.fr\/wp-content\/uploads\/2024\/08\/MotsCles-1024x576.jpg 1024w, https:\/\/bienetregerontologie.fr\/wp-content\/uploads\/2024\/08\/MotsCles-768x432.jpg 768w, https:\/\/bienetregerontologie.fr\/wp-content\/uploads\/2024\/08\/MotsCles-1536x864.jpg 1536w, https:\/\/bienetregerontologie.fr\/wp-content\/uploads\/2024\/08\/MotsCles-800x450.jpg 800w\" sizes=\"(max-width: 1920px) 100vw, 1920px\" \/>\t\t\t\t\t\t\t\t\t\t\t\t\t<\/div>\n\t\t\t\t<\/div>\n\t\t\t\t<\/div>\n\t\t<div class=\"elementor-element elementor-element-8a23beb e-flex e-con-boxed e-con e-parent\" data-id=\"8a23beb\" data-element_type=\"container\">\n\t\t\t\t\t<div class=\"e-con-inner\">\n\t\t<div class=\"elementor-element elementor-element-1164136 e-con-full e-flex e-con e-child\" data-id=\"1164136\" data-element_type=\"container\">\n\t\t\t\t<div class=\"elementor-element elementor-element-872eeb3 elementor-widget elementor-widget-image\" data-id=\"872eeb3\" data-element_type=\"widget\" data-widget_type=\"image.default\">\n\t\t\t\t<div class=\"elementor-widget-container\">\n\t\t\t\t\t\t\t\t\t\t\t\t\t<img decoding=\"async\" width=\"300\" height=\"234\" src=\"https:\/\/bienetregerontologie.fr\/wp-content\/uploads\/2024\/08\/2024LogoQualiopi-1-300x234.jpg\" class=\"attachment-medium size-medium wp-image-786\" alt=\"\" srcset=\"https:\/\/bienetregerontologie.fr\/wp-content\/uploads\/2024\/08\/2024LogoQualiopi-1-300x234.jpg 300w, https:\/\/bienetregerontologie.fr\/wp-content\/uploads\/2024\/08\/2024LogoQualiopi-1-768x599.jpg 768w, https:\/\/bienetregerontologie.fr\/wp-content\/uploads\/2024\/08\/2024LogoQualiopi-1.jpg 980w\" sizes=\"(max-width: 300px) 100vw, 300px\" \/>\t\t\t\t\t\t\t\t\t\t\t\t\t<\/div>\n\t\t\t\t<\/div>\n\t\t\t\t<\/div>\n\t\t<div class=\"elementor-element elementor-element-5277ef9 e-con-full e-flex e-con e-child\" data-id=\"5277ef9\" data-element_type=\"container\">\n\t\t\t\t<div class=\"elementor-element elementor-element-e60c631 elementor-widget__width-initial elementor-widget elementor-widget-image\" data-id=\"e60c631\" data-element_type=\"widget\" data-widget_type=\"image.default\">\n\t\t\t\t<div class=\"elementor-widget-container\">\n\t\t\t\t\t\t\t\t\t\t\t\t\t<img decoding=\"async\" width=\"1024\" height=\"717\" src=\"https:\/\/bienetregerontologie.fr\/wp-content\/uploads\/2024\/08\/Logo-DPC-1024x717.png\" class=\"attachment-large size-large wp-image-308\" alt=\"\" srcset=\"https:\/\/bienetregerontologie.fr\/wp-content\/uploads\/2024\/08\/Logo-DPC-1024x717.png 1024w, https:\/\/bienetregerontologie.fr\/wp-content\/uploads\/2024\/08\/Logo-DPC-300x210.png 300w, https:\/\/bienetregerontologie.fr\/wp-content\/uploads\/2024\/08\/Logo-DPC-768x538.png 768w, https:\/\/bienetregerontologie.fr\/wp-content\/uploads\/2024\/08\/Logo-DPC-1536x1075.png 1536w, https:\/\/bienetregerontologie.fr\/wp-content\/uploads\/2024\/08\/Logo-DPC.png 2000w\" sizes=\"(max-width: 1024px) 100vw, 1024px\" \/>\t\t\t\t\t\t\t\t\t\t\t\t\t<\/div>\n\t\t\t\t<\/div>\n\t\t\t\t<\/div>\n\t\t\t\t\t<\/div>\n\t\t\t\t<\/div>\n\t\t<div class=\"elementor-element elementor-element-c99624f e-flex e-con-boxed e-con e-parent\" data-id=\"c99624f\" data-element_type=\"container\">\n\t\t\t\t\t<div class=\"e-con-inner\">\n\t\t\t\t<div class=\"elementor-element elementor-element-083b35b elementor-widget__width-initial elementor-widget elementor-widget-heading\" data-id=\"083b35b\" data-element_type=\"widget\" data-widget_type=\"heading.default\">\n\t\t\t\t<div class=\"elementor-widget-container\">\n\t\t\t<h2 class=\"elementor-heading-title elementor-size-default\">BIEN ETRE G\u00e9rontologie et formation est sp\u00e9cialis\u00e9 dans le domaine de la Sant\u00e9 et de la G\u00e9rontologie. Nos actions de formation s'inscrivent dans le cadre du domaine de la <b>formation continue<\/b> adapt\u00e9e aux professionnels du <b>sanitaire, social et m\u00e9dico-social<\/b>. \nL'organisme de formation BIEN ETRE G\u00e9rontologie et formation est certifi\u00e9 <b>Qualiopi<\/b> et habilit\u00e9 \u00e0 donner les attestations <b>DPC<\/b> concernant les programmes en conformit\u00e9 avec les orientations nationales.<\/h2>\t\t<\/div>\n\t\t\t\t<\/div>\n\t\t\t\t<div class=\"elementor-element elementor-element-a26732c elementor-align-center elementor-widget elementor-widget-button\" data-id=\"a26732c\" data-element_type=\"widget\" data-widget_type=\"button.default\">\n\t\t\t\t<div class=\"elementor-widget-container\">\n\t\t\t\t\t<div class=\"elementor-button-wrapper\">\n\t\t\t<a class=\"elementor-button elementor-button-link elementor-size-sm\" href=\"https:\/\/bienetregerontologie.fr\/index.php\/les-sessions-de-formation\/\">\n\t\t\t\t\t\t<span class=\"elementor-button-content-wrapper\">\n\t\t\t\t\t\t\t\t\t<span class=\"elementor-button-text\">EN SAVOIR PLUS<\/span>\n\t\t\t\t\t<\/span>\n\t\t\t\t\t<\/a>\n\t\t<\/div>\n\t\t\t\t<\/div>\n\t\t\t\t<\/div>\n\t\t\t\t<div class=\"elementor-element elementor-element-b3ddec5 elementor-widget-divider--view-line elementor-widget elementor-widget-divider\" data-id=\"b3ddec5\" data-element_type=\"widget\" data-widget_type=\"divider.default\">\n\t\t\t\t<div class=\"elementor-widget-container\">\n\t\t\t<style>\/*! elementor - v3.23.0 - 25-07-2024 *\/\n.elementor-widget-divider{--divider-border-style:none;--divider-border-width:1px;--divider-color:#0c0d0e;--divider-icon-size:20px;--divider-element-spacing:10px;--divider-pattern-height:24px;--divider-pattern-size:20px;--divider-pattern-url:none;--divider-pattern-repeat:repeat-x}.elementor-widget-divider .elementor-divider{display:flex}.elementor-widget-divider .elementor-divider__text{font-size:15px;line-height:1;max-width:95%}.elementor-widget-divider .elementor-divider__element{margin:0 var(--divider-element-spacing);flex-shrink:0}.elementor-widget-divider .elementor-icon{font-size:var(--divider-icon-size)}.elementor-widget-divider .elementor-divider-separator{display:flex;margin:0;direction:ltr}.elementor-widget-divider--view-line_icon .elementor-divider-separator,.elementor-widget-divider--view-line_text .elementor-divider-separator{align-items:center}.elementor-widget-divider--view-line_icon .elementor-divider-separator:after,.elementor-widget-divider--view-line_icon .elementor-divider-separator:before,.elementor-widget-divider--view-line_text .elementor-divider-separator:after,.elementor-widget-divider--view-line_text .elementor-divider-separator:before{display:block;content:\"\";border-block-end:0;flex-grow:1;border-block-start:var(--divider-border-width) var(--divider-border-style) var(--divider-color)}.elementor-widget-divider--element-align-left .elementor-divider .elementor-divider-separator>.elementor-divider__svg:first-of-type{flex-grow:0;flex-shrink:100}.elementor-widget-divider--element-align-left .elementor-divider-separator:before{content:none}.elementor-widget-divider--element-align-left .elementor-divider__element{margin-left:0}.elementor-widget-divider--element-align-right .elementor-divider .elementor-divider-separator>.elementor-divider__svg:last-of-type{flex-grow:0;flex-shrink:100}.elementor-widget-divider--element-align-right .elementor-divider-separator:after{content:none}.elementor-widget-divider--element-align-right .elementor-divider__element{margin-right:0}.elementor-widget-divider--element-align-start .elementor-divider .elementor-divider-separator>.elementor-divider__svg:first-of-type{flex-grow:0;flex-shrink:100}.elementor-widget-divider--element-align-start .elementor-divider-separator:before{content:none}.elementor-widget-divider--element-align-start .elementor-divider__element{margin-inline-start:0}.elementor-widget-divider--element-align-end .elementor-divider .elementor-divider-separator>.elementor-divider__svg:last-of-type{flex-grow:0;flex-shrink:100}.elementor-widget-divider--element-align-end .elementor-divider-separator:after{content:none}.elementor-widget-divider--element-align-end .elementor-divider__element{margin-inline-end:0}.elementor-widget-divider:not(.elementor-widget-divider--view-line_text):not(.elementor-widget-divider--view-line_icon) .elementor-divider-separator{border-block-start:var(--divider-border-width) var(--divider-border-style) var(--divider-color)}.elementor-widget-divider--separator-type-pattern{--divider-border-style:none}.elementor-widget-divider--separator-type-pattern.elementor-widget-divider--view-line .elementor-divider-separator,.elementor-widget-divider--separator-type-pattern:not(.elementor-widget-divider--view-line) .elementor-divider-separator:after,.elementor-widget-divider--separator-type-pattern:not(.elementor-widget-divider--view-line) .elementor-divider-separator:before,.elementor-widget-divider--separator-type-pattern:not([class*=elementor-widget-divider--view]) .elementor-divider-separator{width:100%;min-height:var(--divider-pattern-height);-webkit-mask-size:var(--divider-pattern-size) 100%;mask-size:var(--divider-pattern-size) 100%;-webkit-mask-repeat:var(--divider-pattern-repeat);mask-repeat:var(--divider-pattern-repeat);background-color:var(--divider-color);-webkit-mask-image:var(--divider-pattern-url);mask-image:var(--divider-pattern-url)}.elementor-widget-divider--no-spacing{--divider-pattern-size:auto}.elementor-widget-divider--bg-round{--divider-pattern-repeat:round}.rtl .elementor-widget-divider .elementor-divider__text{direction:rtl}.e-con-inner>.elementor-widget-divider,.e-con>.elementor-widget-divider{width:var(--container-widget-width,100%);--flex-grow:var(--container-widget-flex-grow)}<\/style>\t\t<div class=\"elementor-divider\">\n\t\t\t<span class=\"elementor-divider-separator\">\n\t\t\t\t\t\t<\/span>\n\t\t<\/div>\n\t\t\t\t<\/div>\n\t\t\t\t<\/div>\n\t\t\t\t\t<\/div>\n\t\t\t\t<\/div>\n\t\t<div class=\"elementor-element elementor-element-2b3c9d8 e-con-full e-flex e-con e-parent\" data-id=\"2b3c9d8\" data-element_type=\"container\" data-settings=\"{&quot;background_background&quot;:&quot;classic&quot;}\">\n\t\t<div class=\"elementor-element elementor-element-75824f5 e-con-full e-flex e-con e-child\" data-id=\"75824f5\" data-element_type=\"container\">\n\t\t\t\t<div class=\"elementor-element elementor-element-e1f6a97 elementor-widget elementor-widget-heading\" data-id=\"e1f6a97\" data-element_type=\"widget\" data-widget_type=\"heading.default\">\n\t\t\t\t<div class=\"elementor-widget-container\">\n\t\t\t<h2 class=\"elementor-heading-title elementor-size-default\">Nos formations<\/h2>\t\t<\/div>\n\t\t\t\t<\/div>\n\t\t\t\t<div class=\"elementor-element elementor-element-dc0e912 elementor-widget elementor-widget-text-editor\" data-id=\"dc0e912\" data-element_type=\"widget\" data-widget_type=\"text-editor.default\">\n\t\t\t\t<div class=\"elementor-widget-container\">\n\t\t\t\t\t\t\t<p>Nos actions de formation s&rsquo;organisent principalement en intra ou en inter-\u00e9tablissements. Certaines peuvent \u00eatre adapt\u00e9es en classes virtuelles en fonction du contexte sanitaire et les th\u00e8mes d&rsquo;interventions propos\u00e9s sont ajust\u00e9s aux besoins sp\u00e9cifiques des \u00e9tablissements sur concertation.<br \/>Elles sont ouvertes aux personnes en situation de handicap sous r\u00e9serve de mise \u00e0 disposition de locaux adapt\u00e9s \u00e0 la sp\u00e9cificit\u00e9 du handicap par l&rsquo;\u00e9tablissement d&rsquo;accueil des participants. Un conseil d&rsquo;orientation ou d&rsquo;accompagnement personnalis\u00e9 peut \u00eatre apport\u00e9 par notre organisme de formation.<\/p><p>\u00a0<\/p>\t\t\t\t\t\t<\/div>\n\t\t\t\t<\/div>\n\t\t\t\t<div class=\"elementor-element elementor-element-567a83f elementor-widget elementor-widget-text-editor\" data-id=\"567a83f\" data-element_type=\"widget\" data-widget_type=\"text-editor.default\">\n\t\t\t\t<div class=\"elementor-widget-container\">\n\t\t\t\t\t\t\t<p><strong>N&rsquo;h\u00e9sitez pas \u00e0 nous consulter, nous vous adresserons nos propositions d\u00e9taill\u00e9es de formations.<\/strong><\/p>\t\t\t\t\t\t<\/div>\n\t\t\t\t<\/div>\n\t\t\t\t<div class=\"elementor-element elementor-element-60590dc elementor-align-center elementor-widget elementor-widget-button\" data-id=\"60590dc\" data-element_type=\"widget\" data-widget_type=\"button.default\">\n\t\t\t\t<div class=\"elementor-widget-container\">\n\t\t\t\t\t<div class=\"elementor-button-wrapper\">\n\t\t\t<a class=\"elementor-button elementor-button-link elementor-size-sm\" href=\"https:\/\/bienetregerontologie.fr\/index.php\/contactez-nous\/\">\n\t\t\t\t\t\t<span class=\"elementor-button-content-wrapper\">\n\t\t\t\t\t\t\t\t\t<span class=\"elementor-button-text\">DEMANDEZ VOTRE DEVIS<\/span>\n\t\t\t\t\t<\/span>\n\t\t\t\t\t<\/a>\n\t\t<\/div>\n\t\t\t\t<\/div>\n\t\t\t\t<\/div>\n\t\t\t\t<\/div>\n\t\t\t\t<\/div>\n\t\t<div class=\"elementor-element elementor-element-49f75c0 e-con-full e-flex e-con e-parent\" data-id=\"49f75c0\" data-element_type=\"container\">\n\t\t\t\t<div class=\"elementor-element elementor-element-86b1564 elementor-invisible elementor-widget elementor-widget-image\" data-id=\"86b1564\" data-element_type=\"widget\" data-settings=\"{&quot;_animation&quot;:&quot;fadeInUp&quot;}\" data-widget_type=\"image.default\">\n\t\t\t\t<div class=\"elementor-widget-container\">\n\t\t\t\t\t\t\t\t\t\t\t\t\t<img loading=\"lazy\" decoding=\"async\" width=\"1200\" height=\"320\" src=\"https:\/\/bienetregerontologie.fr\/wp-content\/uploads\/2024\/08\/BOUSSOLE.png\" class=\"attachment-2048x2048 size-2048x2048 wp-image-365\" alt=\"\" srcset=\"https:\/\/bienetregerontologie.fr\/wp-content\/uploads\/2024\/08\/BOUSSOLE.png 1200w, https:\/\/bienetregerontologie.fr\/wp-content\/uploads\/2024\/08\/BOUSSOLE-300x80.png 300w, https:\/\/bienetregerontologie.fr\/wp-content\/uploads\/2024\/08\/BOUSSOLE-1024x273.png 1024w, https:\/\/bienetregerontologie.fr\/wp-content\/uploads\/2024\/08\/BOUSSOLE-768x205.png 768w\" sizes=\"(max-width: 1200px) 100vw, 1200px\" \/>\t\t\t\t\t\t\t\t\t\t\t\t\t<\/div>\n\t\t\t\t<\/div>\n\t\t\t\t<\/div>\n\t\t<div class=\"elementor-element elementor-element-6cff0e0 e-flex e-con-boxed e-con e-parent\" data-id=\"6cff0e0\" data-element_type=\"container\">\n\t\t\t\t\t<div class=\"e-con-inner\">\n\t\t\t\t<div class=\"elementor-element elementor-element-6f0f5a5 e-transform elementor-widget elementor-widget-heading\" data-id=\"6f0f5a5\" data-element_type=\"widget\" data-settings=\"{&quot;_transform_scale_effect&quot;:{&quot;unit&quot;:&quot;px&quot;,&quot;size&quot;:&quot;&quot;,&quot;sizes&quot;:[]},&quot;_transform_scale_effect_tablet&quot;:{&quot;unit&quot;:&quot;px&quot;,&quot;size&quot;:&quot;&quot;,&quot;sizes&quot;:[]},&quot;_transform_scale_effect_mobile&quot;:{&quot;unit&quot;:&quot;px&quot;,&quot;size&quot;:&quot;&quot;,&quot;sizes&quot;:[]}}\" data-widget_type=\"heading.default\">\n\t\t\t\t<div class=\"elementor-widget-container\">\n\t\t\t<h2 class=\"elementor-heading-title elementor-size-default\">Nos intervenants<\/h2>\t\t<\/div>\n\t\t\t\t<\/div>\n\t\t\t\t<div class=\"elementor-element elementor-element-0342313 elementor-widget elementor-widget-text-editor\" data-id=\"0342313\" data-element_type=\"widget\" data-widget_type=\"text-editor.default\">\n\t\t\t\t<div class=\"elementor-widget-container\">\n\t\t\t\t\t\t\t<p class=\"p1\">Les formateurs de l&rsquo;organisme sont sp\u00e9cialis\u00e9s dans le domaine de la Sant\u00e9 et\/ou G\u00e9riatrie avec une exp\u00e9rience de terrain qui permet de garantir des formations au plus pr\u00e8s des besoins des \u00e9quipes et une adaptation pratique des savoirs dans les services. Il s&rsquo;agit d&rsquo;aider les \u00e9quipes dans leur pratique du quotidien gr\u00e2ce \u00e0 un savoir-faire sp\u00e9cialis\u00e9.<\/p>\t\t\t\t\t\t<\/div>\n\t\t\t\t<\/div>\n\t\t\t\t\t<\/div>\n\t\t\t\t<\/div>\n\t\t<div class=\"elementor-element elementor-element-08bcfc7 e-flex e-con-boxed e-con e-parent\" data-id=\"08bcfc7\" data-element_type=\"container\">\n\t\t\t\t\t<div class=\"e-con-inner\">\n\t\t<div class=\"elementor-element elementor-element-a829970 e-con-full e-flex e-con e-child\" data-id=\"a829970\" data-element_type=\"container\">\n\t\t\t\t<div class=\"elementor-element elementor-element-41e5918 e-transform elementor-widget elementor-widget-heading\" data-id=\"41e5918\" data-element_type=\"widget\" data-settings=\"{&quot;_transform_scale_effect&quot;:{&quot;unit&quot;:&quot;px&quot;,&quot;size&quot;:1,&quot;sizes&quot;:[]},&quot;_transform_scale_effect_tablet&quot;:{&quot;unit&quot;:&quot;px&quot;,&quot;size&quot;:&quot;&quot;,&quot;sizes&quot;:[]},&quot;_transform_scale_effect_mobile&quot;:{&quot;unit&quot;:&quot;px&quot;,&quot;size&quot;:&quot;&quot;,&quot;sizes&quot;:[]}}\" data-widget_type=\"heading.default\">\n\t\t\t\t<div class=\"elementor-widget-container\">\n\t\t\t<h2 class=\"elementor-heading-title elementor-size-default\">Sa fondatrice<\/h2>\t\t<\/div>\n\t\t\t\t<\/div>\n\t\t\t\t<div class=\"elementor-element elementor-element-2b3c475 e-transform elementor-widget elementor-widget-text-editor\" data-id=\"2b3c475\" data-element_type=\"widget\" data-settings=\"{&quot;_transform_scale_effect&quot;:{&quot;unit&quot;:&quot;px&quot;,&quot;size&quot;:&quot;&quot;,&quot;sizes&quot;:[]},&quot;_transform_scale_effect_tablet&quot;:{&quot;unit&quot;:&quot;px&quot;,&quot;size&quot;:&quot;&quot;,&quot;sizes&quot;:[]},&quot;_transform_scale_effect_mobile&quot;:{&quot;unit&quot;:&quot;px&quot;,&quot;size&quot;:&quot;&quot;,&quot;sizes&quot;:[]}}\" data-widget_type=\"text-editor.default\">\n\t\t\t\t<div class=\"elementor-widget-container\">\n\t\t\t\t\t\t\t<p><strong>Responsable de l&rsquo;organisme<\/strong><\/p><p><strong>R\u00e9f\u00e9rent Handicap<\/strong><\/p>\t\t\t\t\t\t<\/div>\n\t\t\t\t<\/div>\n\t\t\t\t<div class=\"elementor-element elementor-element-9d0b5fa elementor-widget elementor-widget-text-editor\" data-id=\"9d0b5fa\" data-element_type=\"widget\" data-widget_type=\"text-editor.default\">\n\t\t\t\t<div class=\"elementor-widget-container\">\n\t\t\t\t\t\t\t<p>BIEN ETRE G\u00e9rontologie et formation est n\u00e9 de la pratique de sa fondatrice et responsable : Madame Catherine HUGONNET, Psychologue G\u00e9rontologue de formation initiale.<\/p><p>L&rsquo;organisme, cr\u00e9\u00e9 en 2005, a pour vocation de r\u00e9pondre aux besoins de terrain des professionnels en accompagnant leurs mont\u00e9es en comp\u00e9tences.<\/p>\t\t\t\t\t\t<\/div>\n\t\t\t\t<\/div>\n\t\t\t\t<div class=\"elementor-element elementor-element-1836d6f elementor-widget elementor-widget-text-editor\" data-id=\"1836d6f\" data-element_type=\"widget\" data-widget_type=\"text-editor.default\">\n\t\t\t\t<div class=\"elementor-widget-container\">\n\t\t\t\t\t\t\t<p><strong>BIEN ETRE G\u00e9rontologie et formation<\/strong><\/p><p>N\u00b0 ANDPC: 3704<\/p><p>N\u00b0 de Siret: 483 930 848 000 47<\/p><p>NDA : 82690881069<\/p><p>Certificat Qualiopi n\u00b0 : 2403_CN_04238-V.1<\/p>\t\t\t\t\t\t<\/div>\n\t\t\t\t<\/div>\n\t\t\t\t<\/div>\n\t\t<div class=\"elementor-element elementor-element-5dbf5ff e-con-full e-flex e-con e-child\" data-id=\"5dbf5ff\" data-element_type=\"container\">\n\t\t\t\t<div class=\"elementor-element elementor-element-90bfa41 elementor-widget elementor-widget-image\" data-id=\"90bfa41\" data-element_type=\"widget\" data-widget_type=\"image.default\">\n\t\t\t\t<div class=\"elementor-widget-container\">\n\t\t\t\t\t\t\t\t\t\t\t\t\t<img loading=\"lazy\" decoding=\"async\" width=\"389\" height=\"371\" src=\"https:\/\/bienetregerontologie.fr\/wp-content\/uploads\/2024\/08\/logo-panneaux-directionnels.png\" class=\"attachment-large size-large wp-image-962\" alt=\"\" srcset=\"https:\/\/bienetregerontologie.fr\/wp-content\/uploads\/2024\/08\/logo-panneaux-directionnels.png 389w, https:\/\/bienetregerontologie.fr\/wp-content\/uploads\/2024\/08\/logo-panneaux-directionnels-300x286.png 300w\" sizes=\"(max-width: 389px) 100vw, 389px\" \/>\t\t\t\t\t\t\t\t\t\t\t\t\t<\/div>\n\t\t\t\t<\/div>\n\t\t\t\t<\/div>\n\t\t\t\t\t<\/div>\n\t\t\t\t<\/div>\n\t\t\t\t<\/div>\n\t\t","protected":false},"excerpt":{"rendered":"<p>Les formations sp\u00e9cialis\u00e9es Sant\u00e9 et G\u00e9riatrie BIEN ETRE G\u00e9rontologie et formation est sp\u00e9cialis\u00e9 dans le domaine de la Sant\u00e9 et de la G\u00e9rontologie. Nos actions de formation s&rsquo;inscrivent dans le cadre du domaine de la formation continue adapt\u00e9e aux professionnels du sanitaire, social et m\u00e9dico-social. L&rsquo;organisme de formation BIEN ETRE G\u00e9rontologie et formation est certifi\u00e9 [&hellip;]<\/p>\n","protected":false},"author":1,"featured_media":0,"parent":0,"menu_order":0,"comment_status":"closed","ping_status":"closed","template":"","meta":{"ocean_post_layout":"","ocean_both_sidebars_style":"","ocean_both_sidebars_content_width":0,"ocean_both_sidebars_sidebars_width":0,"ocean_sidebar":"","ocean_second_sidebar":"","ocean_disable_margins":"enable","ocean_add_body_class":"","ocean_shortcode_before_top_bar":"","ocean_shortcode_after_top_bar":"","ocean_shortcode_before_header":"","ocean_shortcode_after_header":"","ocean_has_shortcode":"","ocean_shortcode_after_title":"","ocean_shortcode_before_footer_widgets":"","ocean_shortcode_after_footer_widgets":"","ocean_shortcode_before_footer_bottom":"","ocean_shortcode_after_footer_bottom":"","ocean_display_top_bar":"default","ocean_display_header":"default","ocean_header_style":"","ocean_center_header_left_menu":"","ocean_custom_header_template":"","ocean_custom_logo":0,"ocean_custom_retina_logo":0,"ocean_custom_logo_max_width":0,"ocean_custom_logo_tablet_max_width":0,"ocean_custom_logo_mobile_max_width":0,"ocean_custom_logo_max_height":0,"ocean_custom_logo_tablet_max_height":0,"ocean_custom_logo_mobile_max_height":0,"ocean_header_custom_menu":"","ocean_menu_typo_font_family":"","ocean_menu_typo_font_subset":"","ocean_menu_typo_font_size":0,"ocean_menu_typo_font_size_tablet":0,"ocean_menu_typo_font_size_mobile":0,"ocean_menu_typo_font_size_unit":"px","ocean_menu_typo_font_weight":"","ocean_menu_typo_font_weight_tablet":"","ocean_menu_typo_font_weight_mobile":"","ocean_menu_typo_transform":"","ocean_menu_typo_transform_tablet":"","ocean_menu_typo_transform_mobile":"","ocean_menu_typo_line_height":0,"ocean_menu_typo_line_height_tablet":0,"ocean_menu_typo_line_height_mobile":0,"ocean_menu_typo_line_height_unit":"","ocean_menu_typo_spacing":0,"ocean_menu_typo_spacing_tablet":0,"ocean_menu_typo_spacing_mobile":0,"ocean_menu_typo_spacing_unit":"","ocean_menu_link_color":"","ocean_menu_link_color_hover":"","ocean_menu_link_color_active":"","ocean_menu_link_background":"","ocean_menu_link_hover_background":"","ocean_menu_link_active_background":"","ocean_menu_social_links_bg":"","ocean_menu_social_hover_links_bg":"","ocean_menu_social_links_color":"","ocean_menu_social_hover_links_color":"","ocean_disable_title":"default","ocean_disable_heading":"default","ocean_post_title":"","ocean_post_subheading":"","ocean_post_title_style":"","ocean_post_title_background_color":"","ocean_post_title_background":0,"ocean_post_title_bg_image_position":"","ocean_post_title_bg_image_attachment":"","ocean_post_title_bg_image_repeat":"","ocean_post_title_bg_image_size":"","ocean_post_title_height":0,"ocean_post_title_bg_overlay":0.5,"ocean_post_title_bg_overlay_color":"","ocean_disable_breadcrumbs":"default","ocean_breadcrumbs_color":"","ocean_breadcrumbs_separator_color":"","ocean_breadcrumbs_links_color":"","ocean_breadcrumbs_links_hover_color":"","ocean_display_footer_widgets":"default","ocean_display_footer_bottom":"default","ocean_custom_footer_template":"","footnotes":""},"class_list":["post-37","page","type-page","status-publish","hentry","entry"],"_links":{"self":[{"href":"https:\/\/bienetregerontologie.fr\/index.php\/wp-json\/wp\/v2\/pages\/37","targetHints":{"allow":["GET"]}}],"collection":[{"href":"https:\/\/bienetregerontologie.fr\/index.php\/wp-json\/wp\/v2\/pages"}],"about":[{"href":"https:\/\/bienetregerontologie.fr\/index.php\/wp-json\/wp\/v2\/types\/page"}],"author":[{"embeddable":true,"href":"https:\/\/bienetregerontologie.fr\/index.php\/wp-json\/wp\/v2\/users\/1"}],"replies":[{"embeddable":true,"href":"https:\/\/bienetregerontologie.fr\/index.php\/wp-json\/wp\/v2\/comments?post=37"}],"version-history":[{"count":248,"href":"https:\/\/bienetregerontologie.fr\/index.php\/wp-json\/wp\/v2\/pages\/37\/revisions"}],"predecessor-version":[{"id":1014,"href":"https:\/\/bienetregerontologie.fr\/index.php\/wp-json\/wp\/v2\/pages\/37\/revisions\/1014"}],"wp:attachment":[{"href":"https:\/\/bienetregerontologie.fr\/index.php\/wp-json\/wp\/v2\/media?parent=37"}],"curies":[{"name":"wp","href":"https:\/\/api.w.org\/{rel}","templated":true}]}}